{"id":867,"date":"2023-10-21T17:36:27","date_gmt":"2023-10-21T14:36:27","guid":{"rendered":"https:\/\/mezkoop.com\/?page_id=867"},"modified":"2025-08-16T20:59:38","modified_gmt":"2025-08-16T17:59:38","slug":"ise-alim-sonuclari-aciklandi","status":"publish","type":"page","link":"https:\/\/mezkoop.com\/en\/ise-alim-sonuclari-aciklandi\/","title":{"rendered":"\u0130\u015fe Al\u0131m Sonu\u00e7lar\u0131 A\u00e7\u0131kland\u0131"},"content":{"rendered":"<div class=\"fusion-fullwidth fullwidth-box fusion-builder-row-1 nonhundred-percent-fullwidth non-hundred-percent-height-scrolling\" style=\"--awb-border-radius-top-left:0px;--awb-border-radius-top-right:0px;--awb-border-radius-bottom-right:0px;--awb-border-radius-bottom-left:0px;--awb-flex-wrap:wrap;\" ><div class=\"fusion-builder-row fusion-row\"><div class=\"fusion-layout-column fusion_builder_column fusion-builder-column-0 fusion_builder_column_1_1 1_1 fusion-one-full fusion-column-first fusion-column-last\" style=\"--awb-bg-size:cover;\"><div class=\"fusion-column-wrapper fusion-column-has-shadow fusion-flex-column-wrapper-legacy\"><div class=\"fusion-title title fusion-title-1 fusion-title-center fusion-title-text fusion-title-size-one\" style=\"--awb-font-size:26px;\"><div class=\"title-sep-container title-sep-container-left\"><div class=\"title-sep sep-double sep-solid\" style=\"border-color:#e0dede;\"><\/div><\/div><span class=\"awb-title-spacer\"><\/span><h1 class=\"fusion-title-heading title-heading-center\" style=\"margin:0;font-size:1em;\">Mez-Koop Ltd. 2025 Personel Al\u0131m\u0131, S\u0131nav Sonu\u00e7lar\u0131<\/h1><span class=\"awb-title-spacer\"><\/span><div class=\"title-sep-container title-sep-container-right\"><div class=\"title-sep sep-double sep-solid\" style=\"border-color:#e0dede;\"><\/div><\/div><\/div><div class=\"fusion-clearfix\"><\/div><\/div><\/div><div class=\"fusion-layout-column fusion_builder_column fusion-builder-column-1 fusion_builder_column_1_2 1_2 fusion-one-half fusion-column-first\" style=\"--awb-bg-size:cover;width:50%;width:calc(50% - ( ( 4% ) * 0.5 ) );margin-right: 4%;\"><div class=\"fusion-column-wrapper fusion-column-has-shadow fusion-flex-column-wrapper-legacy\"><div class=\"fusion-title title fusion-title-2 fusion-sep-none fusion-title-text fusion-title-size-two\" style=\"--awb-font-size:20px;\"><h2 class=\"fusion-title-heading title-heading-left\" style=\"font-family:&quot;Oswald&quot;;font-style:normal;font-weight:400;margin:0;font-size:1em;\">Merkez \u015eube<\/h2><\/div><div class=\"fusion-text fusion-text-1\"><p><img decoding=\"async\" class=\"size-large wp-image-957 aligncenter\" src=\"https:\/\/mezkoop.com\/wp-content\/uploads\/2025\/08\/Ekran-Resmi-2025-08-16-20.58.25-687x1024.png\" alt=\"\" width=\"687\" height=\"1024\" srcset=\"https:\/\/mezkoop.com\/wp-content\/uploads\/2025\/08\/Ekran-Resmi-2025-08-16-20.58.25-200x298.png 200w, https:\/\/mezkoop.com\/wp-content\/uploads\/2025\/08\/Ekran-Resmi-2025-08-16-20.58.25-201x300.png 201w, https:\/\/mezkoop.com\/wp-content\/uploads\/2025\/08\/Ekran-Resmi-2025-08-16-20.58.25-400x596.png 400w, https:\/\/mezkoop.com\/wp-content\/uploads\/2025\/08\/Ekran-Resmi-2025-08-16-20.58.25-600x894.png 600w, https:\/\/mezkoop.com\/wp-content\/uploads\/2025\/08\/Ekran-Resmi-2025-08-16-20.58.25-687x1024.png 687w, https:\/\/mezkoop.com\/wp-content\/uploads\/2025\/08\/Ekran-Resmi-2025-08-16-20.58.25-768x1144.png 768w, https:\/\/mezkoop.com\/wp-content\/uploads\/2025\/08\/Ekran-Resmi-2025-08-16-20.58.25-800x1192.png 800w, https:\/\/mezkoop.com\/wp-content\/uploads\/2025\/08\/Ekran-Resmi-2025-08-16-20.58.25.png 902w\" sizes=\"(max-width: 687px) 100vw, 687px\" \/><\/p>\n<\/div><div class=\"fusion-clearfix\"><\/div><\/div><\/div><div class=\"fusion-layout-column fusion_builder_column fusion-builder-column-2 fusion_builder_column_1_2 1_2 fusion-one-half fusion-column-last\" style=\"--awb-bg-size:cover;width:50%;width:calc(50% - ( ( 4% ) * 0.5 ) );\"><div class=\"fusion-column-wrapper fusion-column-has-shadow fusion-flex-column-wrapper-legacy\"><div class=\"fusion-title title fusion-title-3 fusion-sep-none fusion-title-text fusion-title-size-two\" style=\"--awb-font-size:20px;\"><h2 class=\"fusion-title-heading title-heading-left\" style=\"font-family:&quot;Oswald&quot;;font-style:normal;font-weight:400;margin:0;font-size:1em;\">Akdo\u011fan \u015eube<\/h2><\/div><div class=\"fusion-text fusion-text-2\"><p><img decoding=\"async\" class=\"size-large wp-image-956 aligncenter\" src=\"https:\/\/mezkoop.com\/wp-content\/uploads\/2025\/08\/Ekran-Resmi-2025-08-16-20.54.19-1024x980.png\" alt=\"\" width=\"1024\" height=\"980\" srcset=\"https:\/\/mezkoop.com\/wp-content\/uploads\/2025\/08\/Ekran-Resmi-2025-08-16-20.54.19-200x191.png 200w, https:\/\/mezkoop.com\/wp-content\/uploads\/2025\/08\/Ekran-Resmi-2025-08-16-20.54.19-300x287.png 300w, https:\/\/mezkoop.com\/wp-content\/uploads\/2025\/08\/Ekran-Resmi-2025-08-16-20.54.19-400x383.png 400w, https:\/\/mezkoop.com\/wp-content\/uploads\/2025\/08\/Ekran-Resmi-2025-08-16-20.54.19-600x574.png 600w, https:\/\/mezkoop.com\/wp-content\/uploads\/2025\/08\/Ekran-Resmi-2025-08-16-20.54.19-768x735.png 768w, https:\/\/mezkoop.com\/wp-content\/uploads\/2025\/08\/Ekran-Resmi-2025-08-16-20.54.19-800x765.png 800w, https:\/\/mezkoop.com\/wp-content\/uploads\/2025\/08\/Ekran-Resmi-2025-08-16-20.54.19-1024x980.png 1024w, https:\/\/mezkoop.com\/wp-content\/uploads\/2025\/08\/Ekran-Resmi-2025-08-16-20.54.19.png 1152w\" sizes=\"(max-width: 1024px) 100vw, 1024px\" \/><\/p>\n<\/div><div class=\"fusion-clearfix\"><\/div><\/div><\/div><\/div><\/div>\n","protected":false},"excerpt":{"rendered":"","protected":false},"author":1,"featured_media":0,"parent":0,"menu_order":0,"comment_status":"closed","ping_status":"closed","template":"","meta":{"footnotes":""},"class_list":["post-867","page","type-page","status-publish","hentry"],"yoast_head":"<!-- This site is optimized with the Yoast SEO plugin v25.2 - https:\/\/yoast.com\/wordpress\/plugins\/seo\/ -->\n<title>\u0130\u015fe Al\u0131m Sonu\u00e7lar\u0131 A\u00e7\u0131kland\u0131<\/title>\n<meta name=\"robots\" content=\"index, follow, max-snippet:-1, max-image-preview:large, max-video-preview:-1\" \/>\n<link rel=\"canonical\" href=\"https:\/\/mezkoop.com\/en\/ise-alim-sonuclari-aciklandi\/\" \/>\n<meta property=\"og:locale\" content=\"en_US\" \/>\n<meta property=\"og:locale:alternate\" content=\"tr_TR\" \/>\n<meta property=\"og:type\" content=\"article\" \/>\n<meta property=\"og:title\" content=\"\u0130\u015fe Al\u0131m Sonu\u00e7lar\u0131 A\u00e7\u0131kland\u0131\" \/>\n<meta property=\"og:url\" content=\"https:\/\/mezkoop.com\/en\/ise-alim-sonuclari-aciklandi\/\" \/>\n<meta property=\"og:site_name\" content=\"Ma\u011fusa Esnaf ve Zanaatkarlar Kooperatifi Ltd. |Mez-Koop.Ltd.\" \/>\n<meta property=\"article:modified_time\" content=\"2025-08-16T17:59:38+00:00\" \/>\n<meta property=\"og:image\" content=\"https:\/\/mezkoop.com\/wp-content\/uploads\/2025\/08\/Ekran-Resmi-2025-08-16-20.58.25.png\" \/>\n\t<meta property=\"og:image:width\" content=\"902\" \/>\n\t<meta property=\"og:image:height\" content=\"1344\" \/>\n\t<meta property=\"og:image:type\" content=\"image\/png\" \/>\n<meta name=\"twitter:card\" content=\"summary_large_image\" \/>\n<meta name=\"twitter:label1\" content=\"Est. reading time\" \/>\n\t<meta name=\"twitter:data1\" content=\"1 minute\" \/>\n<script type=\"application\/ld+json\" class=\"yoast-schema-graph\">{\"@context\":\"https:\/\/schema.org\",\"@graph\":[{\"@type\":\"WebPage\",\"@id\":\"https:\/\/mezkoop.com\/ise-alim-sonuclari-aciklandi\/\",\"url\":\"https:\/\/mezkoop.com\/ise-alim-sonuclari-aciklandi\/\",\"name\":\"\u0130\u015fe Al\u0131m Sonu\u00e7lar\u0131 A\u00e7\u0131kland\u0131\",\"isPartOf\":{\"@id\":\"https:\/\/mezkoop.com\/en\/#website\"},\"primaryImageOfPage\":{\"@id\":\"https:\/\/mezkoop.com\/ise-alim-sonuclari-aciklandi\/#primaryimage\"},\"image\":{\"@id\":\"https:\/\/mezkoop.com\/ise-alim-sonuclari-aciklandi\/#primaryimage\"},\"thumbnailUrl\":\"https:\/\/mezkoop.com\/wp-content\/uploads\/2025\/08\/Ekran-Resmi-2025-08-16-20.58.25-687x1024.png\",\"datePublished\":\"2023-10-21T14:36:27+00:00\",\"dateModified\":\"2025-08-16T17:59:38+00:00\",\"breadcrumb\":{\"@id\":\"https:\/\/mezkoop.com\/ise-alim-sonuclari-aciklandi\/#breadcrumb\"},\"inLanguage\":\"en-US\",\"potentialAction\":[{\"@type\":\"ReadAction\",\"target\":[\"https:\/\/mezkoop.com\/ise-alim-sonuclari-aciklandi\/\"]}]},{\"@type\":\"ImageObject\",\"inLanguage\":\"en-US\",\"@id\":\"https:\/\/mezkoop.com\/ise-alim-sonuclari-aciklandi\/#primaryimage\",\"url\":\"https:\/\/mezkoop.com\/wp-content\/uploads\/2025\/08\/Ekran-Resmi-2025-08-16-20.58.25-687x1024.png\",\"contentUrl\":\"https:\/\/mezkoop.com\/wp-content\/uploads\/2025\/08\/Ekran-Resmi-2025-08-16-20.58.25-687x1024.png\"},{\"@type\":\"BreadcrumbList\",\"@id\":\"https:\/\/mezkoop.com\/ise-alim-sonuclari-aciklandi\/#breadcrumb\",\"itemListElement\":[{\"@type\":\"ListItem\",\"position\":1,\"name\":\"Anasayfa\",\"item\":\"https:\/\/mezkoop.com\/\"},{\"@type\":\"ListItem\",\"position\":2,\"name\":\"\u0130\u015fe Al\u0131m Sonu\u00e7lar\u0131 A\u00e7\u0131kland\u0131\"}]},{\"@type\":\"WebSite\",\"@id\":\"https:\/\/mezkoop.com\/en\/#website\",\"url\":\"https:\/\/mezkoop.com\/en\/\",\"name\":\"Ma\u011fusa Esnaf ve Zanaatkarlar Kooperatifi Ltd. |Mez-Koop.Ltd.\",\"description\":\"\",\"potentialAction\":[{\"@type\":\"SearchAction\",\"target\":{\"@type\":\"EntryPoint\",\"urlTemplate\":\"https:\/\/mezkoop.com\/en\/?s={search_term_string}\"},\"query-input\":{\"@type\":\"PropertyValueSpecification\",\"valueRequired\":true,\"valueName\":\"search_term_string\"}}],\"inLanguage\":\"en-US\"}]}<\/script>\n<!-- \/ Yoast SEO plugin. -->","yoast_head_json":{"title":"\u0130\u015fe Al\u0131m Sonu\u00e7lar\u0131 A\u00e7\u0131kland\u0131","robots":{"index":"index","follow":"follow","max-snippet":"max-snippet:-1","max-image-preview":"max-image-preview:large","max-video-preview":"max-video-preview:-1"},"canonical":"https:\/\/mezkoop.com\/en\/ise-alim-sonuclari-aciklandi\/","og_locale":"en_US","og_type":"article","og_title":"[:tr]\u0130\u015fe Al\u0131m Sonu\u00e7lar\u0131 A\u00e7\u0131kland\u0131[:] - Ma\u011fusa Esnaf ve Zanaatkarlar Kooperatifi Ltd. |Mez-Koop.Ltd.","og_url":"https:\/\/mezkoop.com\/en\/ise-alim-sonuclari-aciklandi\/","og_site_name":"Ma\u011fusa Esnaf ve Zanaatkarlar Kooperatifi Ltd. |Mez-Koop.Ltd.","article_modified_time":"2025-08-16T17:59:38+00:00","og_image":[{"width":902,"height":1344,"url":"https:\/\/mezkoop.com\/wp-content\/uploads\/2025\/08\/Ekran-Resmi-2025-08-16-20.58.25.png","type":"image\/png"}],"twitter_card":"summary_large_image","twitter_misc":{"Est. reading time":"1 minute"},"schema":{"@context":"https:\/\/schema.org","@graph":[{"@type":"WebPage","@id":"https:\/\/mezkoop.com\/ise-alim-sonuclari-aciklandi\/","url":"https:\/\/mezkoop.com\/ise-alim-sonuclari-aciklandi\/","name":"\u0130\u015fe Al\u0131m Sonu\u00e7lar\u0131 A\u00e7\u0131kland\u0131","isPartOf":{"@id":"https:\/\/mezkoop.com\/en\/#website"},"primaryImageOfPage":{"@id":"https:\/\/mezkoop.com\/ise-alim-sonuclari-aciklandi\/#primaryimage"},"image":{"@id":"https:\/\/mezkoop.com\/ise-alim-sonuclari-aciklandi\/#primaryimage"},"thumbnailUrl":"https:\/\/mezkoop.com\/wp-content\/uploads\/2025\/08\/Ekran-Resmi-2025-08-16-20.58.25-687x1024.png","datePublished":"2023-10-21T14:36:27+00:00","dateModified":"2025-08-16T17:59:38+00:00","breadcrumb":{"@id":"https:\/\/mezkoop.com\/ise-alim-sonuclari-aciklandi\/#breadcrumb"},"inLanguage":"en-US","potentialAction":[{"@type":"ReadAction","target":["https:\/\/mezkoop.com\/ise-alim-sonuclari-aciklandi\/"]}]},{"@type":"ImageObject","inLanguage":"en-US","@id":"https:\/\/mezkoop.com\/ise-alim-sonuclari-aciklandi\/#primaryimage","url":"https:\/\/mezkoop.com\/wp-content\/uploads\/2025\/08\/Ekran-Resmi-2025-08-16-20.58.25-687x1024.png","contentUrl":"https:\/\/mezkoop.com\/wp-content\/uploads\/2025\/08\/Ekran-Resmi-2025-08-16-20.58.25-687x1024.png"},{"@type":"BreadcrumbList","@id":"https:\/\/mezkoop.com\/ise-alim-sonuclari-aciklandi\/#breadcrumb","itemListElement":[{"@type":"ListItem","position":1,"name":"Anasayfa","item":"https:\/\/mezkoop.com\/"},{"@type":"ListItem","position":2,"name":"\u0130\u015fe Al\u0131m Sonu\u00e7lar\u0131 A\u00e7\u0131kland\u0131"}]},{"@type":"WebSite","@id":"https:\/\/mezkoop.com\/en\/#website","url":"https:\/\/mezkoop.com\/en\/","name":"Ma\u011fusa Esnaf ve Zanaatkarlar Kooperatifi Ltd. |Mez-Koop.Ltd.","description":"","potentialAction":[{"@type":"SearchAction","target":{"@type":"EntryPoint","urlTemplate":"https:\/\/mezkoop.com\/en\/?s={search_term_string}"},"query-input":{"@type":"PropertyValueSpecification","valueRequired":true,"valueName":"search_term_string"}}],"inLanguage":"en-US"}]}},"_links":{"self":[{"href":"https:\/\/mezkoop.com\/en\/wp-json\/wp\/v2\/pages\/867","targetHints":{"allow":["GET"]}}],"collection":[{"href":"https:\/\/mezkoop.com\/en\/wp-json\/wp\/v2\/pages"}],"about":[{"href":"https:\/\/mezkoop.com\/en\/wp-json\/wp\/v2\/types\/page"}],"author":[{"embeddable":true,"href":"https:\/\/mezkoop.com\/en\/wp-json\/wp\/v2\/users\/1"}],"replies":[{"embeddable":true,"href":"https:\/\/mezkoop.com\/en\/wp-json\/wp\/v2\/comments?post=867"}],"version-history":[{"count":7,"href":"https:\/\/mezkoop.com\/en\/wp-json\/wp\/v2\/pages\/867\/revisions"}],"predecessor-version":[{"id":958,"href":"https:\/\/mezkoop.com\/en\/wp-json\/wp\/v2\/pages\/867\/revisions\/958"}],"wp:attachment":[{"href":"https:\/\/mezkoop.com\/en\/wp-json\/wp\/v2\/media?parent=867"}],"curies":[{"name":"wp","href":"https:\/\/api.w.org\/{rel}","templated":true}]}}