{"id":815,"date":"2022-06-03T11:04:55","date_gmt":"2022-06-03T08:04:55","guid":{"rendered":"http:\/\/mezkoop.com\/?page_id=815"},"modified":"2022-09-22T10:43:55","modified_gmt":"2022-09-22T07:43:55","slug":"tl-kredilerinin-odeme-plani","status":"publish","type":"page","link":"https:\/\/mezkoop.com\/en\/tl-kredilerinin-odeme-plani\/","title":{"rendered":"TL Kredilerinin \u00d6deme Plan\u0131"},"content":{"rendered":"<div class=\"fusion-fullwidth fullwidth-box fusion-builder-row-1 nonhundred-percent-fullwidth non-hundred-percent-height-scrolling\" style=\"--awb-border-radius-top-left:0px;--awb-border-radius-top-right:0px;--awb-border-radius-bottom-right:0px;--awb-border-radius-bottom-left:0px;--awb-flex-wrap:wrap;\" ><div class=\"fusion-builder-row fusion-row\"><div class=\"fusion-layout-column fusion_builder_column fusion-builder-column-0 fusion_builder_column_1_1 1_1 fusion-one-full fusion-column-first fusion-column-last\" style=\"--awb-bg-size:cover;\"><div class=\"fusion-column-wrapper fusion-column-has-shadow fusion-flex-column-wrapper-legacy\"><div class=\"fusion-image-element fusion-image-align-center in-legacy-container\" style=\"text-align:center;--awb-caption-title-font-family:var(--h2_typography-font-family);--awb-caption-title-font-weight:var(--h2_typography-font-weight);--awb-caption-title-font-style:var(--h2_typography-font-style);--awb-caption-title-size:var(--h2_typography-font-size);--awb-caption-title-transform:var(--h2_typography-text-transform);--awb-caption-title-line-height:var(--h2_typography-line-height);--awb-caption-title-letter-spacing:var(--h2_typography-letter-spacing);\"><div class=\"imageframe-align-center\"><span class=\" fusion-imageframe imageframe-none imageframe-1 hover-type-none\"><img decoding=\"async\" width=\"900\" height=\"1260\" title=\"kreditablo\" src=\"https:\/\/mezkoop.com\/wp-content\/uploads\/2022\/09\/kreditablo.jpg\" alt class=\"img-responsive wp-image-829\" srcset=\"https:\/\/mezkoop.com\/wp-content\/uploads\/2022\/09\/kreditablo-200x280.jpg 200w, https:\/\/mezkoop.com\/wp-content\/uploads\/2022\/09\/kreditablo-400x560.jpg 400w, https:\/\/mezkoop.com\/wp-content\/uploads\/2022\/09\/kreditablo-600x840.jpg 600w, https:\/\/mezkoop.com\/wp-content\/uploads\/2022\/09\/kreditablo-800x1120.jpg 800w, https:\/\/mezkoop.com\/wp-content\/uploads\/2022\/09\/kreditablo.jpg 900w\" sizes=\"(max-width: 800px) 100vw, 900px\" \/><\/span><\/div><\/div><div class=\"fusion-clearfix\"><\/div><\/div><\/div><\/div><\/div>\n","protected":false},"excerpt":{"rendered":"","protected":false},"author":1,"featured_media":0,"parent":0,"menu_order":0,"comment_status":"closed","ping_status":"closed","template":"","meta":{"footnotes":""},"class_list":["post-815","page","type-page","status-publish","hentry"],"yoast_head":"<!-- This site is optimized with the Yoast SEO plugin v25.2 - https:\/\/yoast.com\/wordpress\/plugins\/seo\/ -->\n<title>TL Kredilerinin \u00d6deme Plan\u0131<\/title>\n<meta name=\"robots\" content=\"index, follow, max-snippet:-1, max-image-preview:large, max-video-preview:-1\" \/>\n<link rel=\"canonical\" href=\"https:\/\/mezkoop.com\/en\/tl-kredilerinin-odeme-plani\/\" \/>\n<meta property=\"og:locale\" content=\"en_US\" \/>\n<meta property=\"og:locale:alternate\" content=\"tr_TR\" \/>\n<meta property=\"og:type\" content=\"article\" \/>\n<meta property=\"og:title\" content=\"TL Kredilerinin \u00d6deme Plan\u0131\" \/>\n<meta property=\"og:url\" content=\"https:\/\/mezkoop.com\/en\/tl-kredilerinin-odeme-plani\/\" \/>\n<meta property=\"og:site_name\" content=\"Ma\u011fusa Esnaf ve Zanaatkarlar Kooperatifi Ltd. |Mez-Koop.Ltd.\" \/>\n<meta property=\"article:modified_time\" content=\"2022-09-22T07:43:55+00:00\" \/>\n<meta name=\"twitter:card\" content=\"summary_large_image\" \/>\n<meta name=\"twitter:label1\" content=\"Est. reading time\" \/>\n\t<meta name=\"twitter:data1\" content=\"2 minutes\" \/>\n<script type=\"application\/ld+json\" class=\"yoast-schema-graph\">{\"@context\":\"https:\/\/schema.org\",\"@graph\":[{\"@type\":\"WebPage\",\"@id\":\"https:\/\/mezkoop.com\/tl-kredilerinin-odeme-plani\/\",\"url\":\"https:\/\/mezkoop.com\/tl-kredilerinin-odeme-plani\/\",\"name\":\"TL Kredilerinin \u00d6deme Plan\u0131\",\"isPartOf\":{\"@id\":\"https:\/\/mezkoop.com\/en\/#website\"},\"datePublished\":\"2022-06-03T08:04:55+00:00\",\"dateModified\":\"2022-09-22T07:43:55+00:00\",\"breadcrumb\":{\"@id\":\"https:\/\/mezkoop.com\/tl-kredilerinin-odeme-plani\/#breadcrumb\"},\"inLanguage\":\"en-US\",\"potentialAction\":[{\"@type\":\"ReadAction\",\"target\":[\"https:\/\/mezkoop.com\/tl-kredilerinin-odeme-plani\/\"]}]},{\"@type\":\"BreadcrumbList\",\"@id\":\"https:\/\/mezkoop.com\/tl-kredilerinin-odeme-plani\/#breadcrumb\",\"itemListElement\":[{\"@type\":\"ListItem\",\"position\":1,\"name\":\"Anasayfa\",\"item\":\"https:\/\/mezkoop.com\/\"},{\"@type\":\"ListItem\",\"position\":2,\"name\":\"TL Kredilerinin \u00d6deme Plan\u0131\"}]},{\"@type\":\"WebSite\",\"@id\":\"https:\/\/mezkoop.com\/en\/#website\",\"url\":\"https:\/\/mezkoop.com\/en\/\",\"name\":\"Ma\u011fusa Esnaf ve Zanaatkarlar Kooperatifi Ltd. |Mez-Koop.Ltd.\",\"description\":\"\",\"potentialAction\":[{\"@type\":\"SearchAction\",\"target\":{\"@type\":\"EntryPoint\",\"urlTemplate\":\"https:\/\/mezkoop.com\/en\/?s={search_term_string}\"},\"query-input\":{\"@type\":\"PropertyValueSpecification\",\"valueRequired\":true,\"valueName\":\"search_term_string\"}}],\"inLanguage\":\"en-US\"}]}<\/script>\n<!-- \/ Yoast SEO plugin. -->","yoast_head_json":{"title":"TL Kredilerinin \u00d6deme Plan\u0131","robots":{"index":"index","follow":"follow","max-snippet":"max-snippet:-1","max-image-preview":"max-image-preview:large","max-video-preview":"max-video-preview:-1"},"canonical":"https:\/\/mezkoop.com\/en\/tl-kredilerinin-odeme-plani\/","og_locale":"en_US","og_type":"article","og_title":"[:tr]TL Kredilerinin \u00d6deme Plan\u0131[:] - Ma\u011fusa Esnaf ve Zanaatkarlar Kooperatifi Ltd. |Mez-Koop.Ltd.","og_url":"https:\/\/mezkoop.com\/en\/tl-kredilerinin-odeme-plani\/","og_site_name":"Ma\u011fusa Esnaf ve Zanaatkarlar Kooperatifi Ltd. |Mez-Koop.Ltd.","article_modified_time":"2022-09-22T07:43:55+00:00","twitter_card":"summary_large_image","twitter_misc":{"Est. reading time":"2 minutes"},"schema":{"@context":"https:\/\/schema.org","@graph":[{"@type":"WebPage","@id":"https:\/\/mezkoop.com\/tl-kredilerinin-odeme-plani\/","url":"https:\/\/mezkoop.com\/tl-kredilerinin-odeme-plani\/","name":"TL Kredilerinin \u00d6deme Plan\u0131","isPartOf":{"@id":"https:\/\/mezkoop.com\/en\/#website"},"datePublished":"2022-06-03T08:04:55+00:00","dateModified":"2022-09-22T07:43:55+00:00","breadcrumb":{"@id":"https:\/\/mezkoop.com\/tl-kredilerinin-odeme-plani\/#breadcrumb"},"inLanguage":"en-US","potentialAction":[{"@type":"ReadAction","target":["https:\/\/mezkoop.com\/tl-kredilerinin-odeme-plani\/"]}]},{"@type":"BreadcrumbList","@id":"https:\/\/mezkoop.com\/tl-kredilerinin-odeme-plani\/#breadcrumb","itemListElement":[{"@type":"ListItem","position":1,"name":"Anasayfa","item":"https:\/\/mezkoop.com\/"},{"@type":"ListItem","position":2,"name":"TL Kredilerinin \u00d6deme Plan\u0131"}]},{"@type":"WebSite","@id":"https:\/\/mezkoop.com\/en\/#website","url":"https:\/\/mezkoop.com\/en\/","name":"Ma\u011fusa Esnaf ve Zanaatkarlar Kooperatifi Ltd. |Mez-Koop.Ltd.","description":"","potentialAction":[{"@type":"SearchAction","target":{"@type":"EntryPoint","urlTemplate":"https:\/\/mezkoop.com\/en\/?s={search_term_string}"},"query-input":{"@type":"PropertyValueSpecification","valueRequired":true,"valueName":"search_term_string"}}],"inLanguage":"en-US"}]}},"_links":{"self":[{"href":"https:\/\/mezkoop.com\/en\/wp-json\/wp\/v2\/pages\/815","targetHints":{"allow":["GET"]}}],"collection":[{"href":"https:\/\/mezkoop.com\/en\/wp-json\/wp\/v2\/pages"}],"about":[{"href":"https:\/\/mezkoop.com\/en\/wp-json\/wp\/v2\/types\/page"}],"author":[{"embeddable":true,"href":"https:\/\/mezkoop.com\/en\/wp-json\/wp\/v2\/users\/1"}],"replies":[{"embeddable":true,"href":"https:\/\/mezkoop.com\/en\/wp-json\/wp\/v2\/comments?post=815"}],"version-history":[{"count":6,"href":"https:\/\/mezkoop.com\/en\/wp-json\/wp\/v2\/pages\/815\/revisions"}],"predecessor-version":[{"id":830,"href":"https:\/\/mezkoop.com\/en\/wp-json\/wp\/v2\/pages\/815\/revisions\/830"}],"wp:attachment":[{"href":"https:\/\/mezkoop.com\/en\/wp-json\/wp\/v2\/media?parent=815"}],"curies":[{"name":"wp","href":"https:\/\/api.w.org\/{rel}","templated":true}]}}