{"id":54,"date":"2016-11-23T16:56:30","date_gmt":"2016-11-23T13:56:30","guid":{"rendered":"http:\/\/www.mezkoop.com\/?page_id=54"},"modified":"2025-11-25T16:16:48","modified_gmt":"2025-11-25T13:16:48","slug":"gecitkale","status":"publish","type":"page","link":"https:\/\/mezkoop.com\/en\/gecitkale\/","title":{"rendered":"Ge\u00e7itkale Branch"},"content":{"rendered":"<div class=\"fusion-fullwidth fullwidth-box fusion-builder-row-1 nonhundred-percent-fullwidth non-hundred-percent-height-scrolling\" style=\"--awb-border-radius-top-left:0px;--awb-border-radius-top-right:0px;--awb-border-radius-bottom-right:0px;--awb-border-radius-bottom-left:0px;--awb-padding-top:20px;--awb-padding-bottom:20px;--awb-flex-wrap:wrap;\" ><div class=\"fusion-builder-row fusion-row\"><div class=\"fusion-layout-column fusion_builder_column fusion-builder-column-0 fusion_builder_column_1_4 1_4 fusion-one-fourth fusion-column-first\" style=\"--awb-bg-size:cover;width:25%;width:calc(25% - ( ( 4% + 4% ) * 0.25 ) );margin-right: 4%;\"><div class=\"fusion-column-wrapper fusion-flex-column-wrapper-legacy\"><div class=\"fusion-text fusion-text-1\"><p><iframe style=\"border: 0;\" src=\"https:\/\/www.google.com\/maps\/embed?pb=!1m18!1m12!1m3!1d3257.83228564494!2d33.73558074423887!3d35.26042798414474!2m3!1f0!2f0!3f0!3m2!1i1024!2i768!4f13.1!3m3!1m2!1s0x0%3A0x0!2zMzXCsDE1JzM3LjUiTiAzM8KwNDQnMTUuMiJF!5e0!3m2!1sen!2sus!4v1502884027480\" width=\"100%\" height=\"340\" frameborder=\"0\" allowfullscreen=\"allowfullscreen\"><\/iframe><\/p>\n<\/div><div class=\"fusion-clearfix\"><\/div><\/div><\/div><div class=\"fusion-layout-column fusion_builder_column fusion-builder-column-1 fusion_builder_column_1_2 1_2 fusion-one-half\" style=\"--awb-bg-size:cover;width:50%;width:calc(50% - ( ( 4% + 4% ) * 0.5 ) );margin-right: 4%;\"><div class=\"fusion-column-wrapper fusion-flex-column-wrapper-legacy\"><div class=\"fusion-image-element in-legacy-container\" style=\"--awb-caption-title-font-family:var(--h2_typography-font-family);--awb-caption-title-font-weight:var(--h2_typography-font-weight);--awb-caption-title-font-style:var(--h2_typography-font-style);--awb-caption-title-size:var(--h2_typography-font-size);--awb-caption-title-transform:var(--h2_typography-text-transform);--awb-caption-title-line-height:var(--h2_typography-line-height);--awb-caption-title-letter-spacing:var(--h2_typography-letter-spacing);\"><span class=\" fusion-imageframe imageframe-glow imageframe-1 hover-type-none\" style=\"border:1px solid #f6f6f6;border-radius:2px;-webkit-box-shadow: 0 0 3px rgba(0,0,0,0.3);box-shadow: 0 0 3px rgba(0,0,0,0.3);\"><img decoding=\"async\" width=\"1280\" height=\"853\" title=\"image-0-02-05-e19a3d1fcb4d6ab1286182e2b7a43d5792fc650415d0d632683c3c684f864c54-V\" src=\"https:\/\/mezkoop.com\/wp-content\/uploads\/2016\/11\/image-0-02-05-e19a3d1fcb4d6ab1286182e2b7a43d5792fc650415d0d632683c3c684f864c54-V.jpg\" alt class=\"img-responsive wp-image-191\" srcset=\"https:\/\/mezkoop.com\/wp-content\/uploads\/2016\/11\/image-0-02-05-e19a3d1fcb4d6ab1286182e2b7a43d5792fc650415d0d632683c3c684f864c54-V-200x133.jpg 200w, https:\/\/mezkoop.com\/wp-content\/uploads\/2016\/11\/image-0-02-05-e19a3d1fcb4d6ab1286182e2b7a43d5792fc650415d0d632683c3c684f864c54-V-400x267.jpg 400w, https:\/\/mezkoop.com\/wp-content\/uploads\/2016\/11\/image-0-02-05-e19a3d1fcb4d6ab1286182e2b7a43d5792fc650415d0d632683c3c684f864c54-V-600x400.jpg 600w, https:\/\/mezkoop.com\/wp-content\/uploads\/2016\/11\/image-0-02-05-e19a3d1fcb4d6ab1286182e2b7a43d5792fc650415d0d632683c3c684f864c54-V-800x533.jpg 800w, https:\/\/mezkoop.com\/wp-content\/uploads\/2016\/11\/image-0-02-05-e19a3d1fcb4d6ab1286182e2b7a43d5792fc650415d0d632683c3c684f864c54-V-1200x800.jpg 1200w, https:\/\/mezkoop.com\/wp-content\/uploads\/2016\/11\/image-0-02-05-e19a3d1fcb4d6ab1286182e2b7a43d5792fc650415d0d632683c3c684f864c54-V.jpg 1280w\" sizes=\"(max-width: 800px) 100vw, 600px\" \/><\/span><\/div><div class=\"fusion-clearfix\"><\/div><\/div><\/div><div class=\"fusion-layout-column fusion_builder_column fusion-builder-column-2 fusion_builder_column_1_4 1_4 fusion-one-fourth fusion-column-last\" style=\"--awb-bg-size:cover;--awb-margin-top:-10px;width:25%;width:calc(25% - ( ( 4% + 4% ) * 0.25 ) );\"><div class=\"fusion-column-wrapper fusion-flex-column-wrapper-legacy\"><div class=\"fusion-text fusion-text-2\"><table border=\"0\" width=\"100%\" cellspacing=\"0\" cellpadding=\"0\">\n<tbody>\n<tr>\n<td align=\"left\"><strong><span style=\"color: #52648c;\">Mez-Koop.Ltd.<br \/>\n<\/span><span style=\"color: #52648c;\">Ge\u00e7itkale Branch<\/span><\/strong><br \/>\nAtat\u00fcrk Str. No: 67 \u00a0Ge\u00e7itkale \/ CYPRUS<br \/>\nPhone: +90 (392) 373 39 00<br \/>\nFax: +90 (392) \u00a0373 39 99<\/td>\n<\/tr>\n<tr>\n<td align=\"left\"><a class=\"fusion-modal-text-link\" data-toggle=\"modal\" data-target=\".fusion-modal.i\" href=\"#\"><strong>+ Contact Form<\/strong><\/a><\/td>\n<\/tr>\n<tr>\n<td align=\"left\"><\/td>\n<\/tr>\n<tr>\n<td align=\"left\"><\/td>\n<\/tr>\n<\/tbody>\n<\/table>\n<\/div><div class=\"fusion-sep-clear\"><\/div><div class=\"fusion-separator fusion-full-width-sep\" style=\"margin-left: auto;margin-right: auto;margin-bottom:15px;width:100%;\"><\/div><div class=\"fusion-sep-clear\"><\/div><div class=\"fusion-image-element in-legacy-container\" style=\"--awb-caption-title-font-family:var(--h2_typography-font-family);--awb-caption-title-font-weight:var(--h2_typography-font-weight);--awb-caption-title-font-style:var(--h2_typography-font-style);--awb-caption-title-size:var(--h2_typography-font-size);--awb-caption-title-transform:var(--h2_typography-text-transform);--awb-caption-title-line-height:var(--h2_typography-line-height);--awb-caption-title-letter-spacing:var(--h2_typography-letter-spacing);\"><span class=\" fusion-imageframe imageframe-none imageframe-2 hover-type-none\"><a href=\"https:\/\/mezkoop.com\/wp-content\/uploads\/2016\/11\/gecitkale-2.png\" class=\"fusion-lightbox\" data-rel=\"iLightbox[e946761bd86e9f8a14e]\" data-title=\"gecitkale\" title=\"gecitkale\"><img decoding=\"async\" width=\"1055\" height=\"842\" src=\"https:\/\/mezkoop.com\/wp-content\/uploads\/2016\/11\/gecitkale-2.png\" alt class=\"img-responsive wp-image-438\" srcset=\"https:\/\/mezkoop.com\/wp-content\/uploads\/2016\/11\/gecitkale-2-200x160.png 200w, https:\/\/mezkoop.com\/wp-content\/uploads\/2016\/11\/gecitkale-2-400x319.png 400w, https:\/\/mezkoop.com\/wp-content\/uploads\/2016\/11\/gecitkale-2-600x479.png 600w, https:\/\/mezkoop.com\/wp-content\/uploads\/2016\/11\/gecitkale-2-800x638.png 800w, https:\/\/mezkoop.com\/wp-content\/uploads\/2016\/11\/gecitkale-2.png 1055w\" sizes=\"(max-width: 800px) 100vw, 400px\" \/><\/a><\/span><\/div><div class=\"fusion-clearfix\"><\/div><\/div><\/div><div class=\"fusion-layout-column fusion_builder_column fusion-builder-column-3 fusion_builder_column_1_1 1_1 fusion-one-full fusion-column-first fusion-column-last\" style=\"--awb-bg-size:cover;\"><div class=\"fusion-column-wrapper fusion-flex-column-wrapper-legacy\"><div class=\"fusion-modal modal fade modal-1 i\" tabindex=\"-1\" role=\"dialog\" aria-labelledby=\"modal-heading-1\" aria-hidden=\"true\" style=\"--awb-border-color:#ebebeb;--awb-background:#f6f6f6;\"><div class=\"modal-dialog modal-lg\" role=\"document\"><div class=\"modal-content fusion-modal-content\"><div class=\"modal-header\"><button class=\"close\" type=\"button\" data-dismiss=\"modal\" aria-hidden=\"true\" aria-label=\"Close\">&times;<\/button><h3 class=\"modal-title\" id=\"modal-heading-1\" data-dismiss=\"modal\" aria-hidden=\"true\">Contact Form<\/h3><\/div><div class=\"modal-body fusion-clearfix\">\n<div data-uniq='69d7b55963b23' class='uniq-69d7b55963b23 formcraft-css form-live align-left'><div class='form-logic'>[]<\/div><div class=\"fc-pagination-cover fc-pagination-1\">\n\t\t\t\t\t\t<div class=\"fc-pagination\" style=\"width: 100%\">\n\t\t\t\t\t\t\t<div class=\"pagination-trigger \" data-index=\"0\">\n\t\t\t\t\t\t\t\t<span class=\"page-number\"><span >1<\/span><\/span>\n\t\t\t\t\t\t\t\t<span class=\"page-name \">Step 1<\/span>\n\t\t\t\t\t\t\t\t\n\t\t\t\t\t\t\t<\/div>\n\t\t\t\t\t\t<\/div>\n\t\t\t\t\t<\/div>\n\t\t\t\t\t\n\t\t\t\t\t<style scoped=\"scoped\" >\n\t\t\t\t\t\t.formcraft-css .fc-form.fc-form-12 .form-element .submit-cover .submit-button,\n\t\t\t\t\t\t.formcraft-css .fc-form.fc-form-12 .form-element .fileupload-cover .button-file,\n\t\t\t\t\t\t.formcraft-css .fc-form.fc-form-12 .form-element .field-cover .button,\n\t\t\t\t\t\t#ui-datepicker-div.fc-datepicker .ui-datepicker-header,\n\t\t\t\t\t\t.formcraft-css .fc-form.fc-form-12 .stripe-amount-show\n\t\t\t\t\t\t{\n\t\t\t\t\t\t\tbackground: #4488ee;\n\t\t\t\t\t\t\tcolor: #fff;\n\t\t\t\t\t\t}\n\t\t\t\t\t\t.formcraft-css .fc-form.fc-form-12 .form-element .slider-cover .ui-slider-range\n\t\t\t\t\t\t{\n\t\t\t\t\t\t\tbackground: #4488ee;\n\t\t\t\t\t\t}\n\t\t\t\t\t\t#ui-datepicker-div.fc-datepicker .ui-datepicker-header,\n\t\t\t\t\t\t.formcraft-css .fc-form .field-cover>div.full hr\n\t\t\t\t\t\t{\n\t\t\t\t\t\t\tborder-color: #3b77d1;\n\t\t\t\t\t\t}\n\t\t\t\t\t\t#ui-datepicker-div.fc-datepicker .ui-datepicker-prev:hover,\n\t\t\t\t\t\t#ui-datepicker-div.fc-datepicker .ui-datepicker-next:hover,\n\t\t\t\t\t\t#ui-datepicker-div.fc-datepicker select.ui-datepicker-month:hover,\n\t\t\t\t\t\t#ui-datepicker-div.fc-datepicker select.ui-datepicker-year:hover\n\t\t\t\t\t\t{\n\t\t\t\t\t\t\tbackground-color: #3b77d1;\n\t\t\t\t\t\t}\n\t\t\t\t\t\t.formcraft-css .fc-pagination>div.active .page-number,\n\t\t\t\t\t\t.formcraft-css .form-cover-builder .fc-pagination>div:first-child .page-number\n\t\t\t\t\t\t{\n\t\t\t\t\t\t\tbackground-color: #4488ee;\n\t\t\t\t\t\t\tborder-color: #3b77d1;\n\t\t\t\t\t\t\tcolor: #fff;\n\t\t\t\t\t\t}\n\t\t\t\t\t\t#ui-datepicker-div.fc-datepicker table.ui-datepicker-calendar th,\n\t\t\t\t\t\t#ui-datepicker-div.fc-datepicker table.ui-datepicker-calendar td.ui-datepicker-today a,\n\t\t\t\t\t\t.formcraft-css .fc-form.fc-form-12 .form-element .star-cover label,\n\t\t\t\t\t\thtml .formcraft-css .fc-form.label-floating .form-element .field-cover.has-focus>span,\n\t\t\t\t\t\t.formcraft-css .fc-form.fc-form-12 .form-element .customText-cover a,\n\t\t\t\t\t\t.formcraft-css .fc-form .form-element .slider-cover .range-max,\n\t\t\t\t\t\t.formcraft-css .fc-form .form-element .slider-cover .range-min,\n\t\t\t\t\t\t.formcraft-css .prev-next>div span:hover\n\t\t\t\t\t\t{\n\t\t\t\t\t\t\tcolor: #4488ee;\n\t\t\t\t\t\t}\n\t\t\t\t\t\t.formcraft-css .fc-form.fc-form-12 .form-element .customText-cover a:hover\n\t\t\t\t\t\t{\n\t\t\t\t\t\t\tcolor: #3b77d1;\n\t\t\t\t\t\t}\n\t\t\t\t\t\thtml .formcraft-css .fc-form.fc-form-12.label-floating .form-element .field-cover > span\n\t\t\t\t\t\t{\n\t\t\t\t\t\t\tcolor: #666666;\n\t\t\t\t\t\t}\n\t\t\t\t\t\t.formcraft-css .fc-form.fc-form-12.label-floating .form-element .field-cover input[type=\"text\"],\n\t\t\t\t\t\t.formcraft-css .fc-form.fc-form-12.label-floating .form-element .field-cover input[type=\"email\"],\n\t\t\t\t\t\t.formcraft-css .fc-form.fc-form-12.label-floating .form-element .field-cover input[type=\"password\"],\n\t\t\t\t\t\t.formcraft-css .fc-form.fc-form-12.label-floating .form-element .field-cover input[type=\"tel\"],\n\t\t\t\t\t\t.formcraft-css .fc-form.fc-form-12.label-floating .form-element .field-cover textarea,\n\t\t\t\t\t\t.formcraft-css .fc-form.fc-form-12.label-floating .form-element .field-cover select,\n\t\t\t\t\t\t.formcraft-css .fc-form.fc-form-12.label-floating .form-element .field-cover .time-fields-cover\n\t\t\t\t\t\t{\n\t\t\t\t\t\t\tborder-bottom-color: #666666;\n\t\t\t\t\t\t\tcolor: #777;\n\t\t\t\t\t\t}\n\t\t\t\t\t\t.formcraft-css .fc-form.fc-form-12 .form-element .field-cover input[type=\"text\"],\n\t\t\t\t\t\t.formcraft-css .fc-form.fc-form-12 .form-element .field-cover input[type=\"password\"],\n\t\t\t\t\t\t.formcraft-css .fc-form.fc-form-12 .form-element .field-cover input[type=\"email\"],\n\t\t\t\t\t\t.formcraft-css .fc-form.fc-form-12 .form-element .field-cover input[type=\"tel\"],\n\t\t\t\t\t\t.formcraft-css .fc-form.fc-form-12 .form-element .field-cover select,\n\t\t\t\t\t\t.formcraft-css .fc-form.fc-form-12 .form-element .field-cover textarea\n\t\t\t\t\t\t{\n\t\t\t\t\t\t\tbackground-color: ;\n\t\t\t\t\t\t}\n\t\t\t\t\t\t.formcraft-css .fc-form.fc-form-12 .form-element .star-cover label .star\t\t\t\n\t\t\t\t\t\t{\n\t\t\t\t\t\t\ttext-shadow: 0px 1px 0px #3b77d1;\n\t\t\t\t\t\t}\n\t\t\t\t\t\t.formcraft-css .fc-form.fc-form-12 .form-element .slider-cover .ui-slider-range\n\t\t\t\t\t\t{\n\t\t\t\t\t\t\tbox-shadow: 0px 1px 1px #3b77d1 inset;\n\t\t\t\t\t\t}\n\t\t\t\t\t\t.formcraft-css .fc-form.fc-form-12 .form-element .fileupload-cover .button-file,\n\t\t\t\t\t\t.formcraft-css .fc-form.fc-form-12 .form-element .stripe-amount-show\n\t\t\t\t\t\t{\n\t\t\t\t\t\t\tborder-color: #3b77d1;\n\t\t\t\t\t\t}\n\t\t\t\t\t\t.formcraft-css .fc-form.fc-form-12 .stripe-cover.field-cover div.stripe-amount-show::before\n\t\t\t\t\t\t{\n\t\t\t\t\t\t\tborder-top-color: #3b77d1;\n\t\t\t\t\t\t}\n\t\t\t\t\t\t.formcraft-css .fc-form.fc-form-12 .stripe-cover.field-cover div.stripe-amount-show::after\n\t\t\t\t\t\t{\n\t\t\t\t\t\t\tborder-right-color: #4488ee;\n\t\t\t\t\t\t}\n\t\t\t\t\t\t.formcraft-css .fc-form.fc-form-12 .form-element .stripe-amount-show,\n\t\t\t\t\t\t.formcraft-css .fc-form.fc-form-12 .form-element .submit-cover .submit-button .text,\n\t\t\t\t\t\t.formcraft-css .fc-form.fc-form-12 .form-element .field-cover .button\n\t\t\t\t\t\t{\n\t\t\t\t\t\t\ttext-shadow: 1px 0px 3px #3b77d1;\n\t\t\t\t\t\t}\n\t\t\t\t\t\t.formcraft-css .fc-form.fc-form-12 input[type=\"checkbox\"]:checked,\n\t\t\t\t\t\t.formcraft-css .fc-form.fc-form-12 input[type=\"radio\"]:checked\n\t\t\t\t\t\t{\n\t\t\t\t\t\t\tborder-color: ;\n\t\t\t\t\t\t\tbackground-color: ;\t\t\t\t\t\t\n\t\t\t\t\t\t}\n\t\t\t\t\t\t.formcraft-css .fc-form.fc-form-12 input[type=\"checkbox\"]:hover,\n\t\t\t\t\t\t.formcraft-css .fc-form.fc-form-12 input[type=\"radio\"]:hover,\n\t\t\t\t\t\t.formcraft-css .fc-form.fc-form-12 input[type=\"checkbox\"]:focus,\n\t\t\t\t\t\t.formcraft-css .fc-form.fc-form-12 input[type=\"radio\"]:focus,\n\t\t\t\t\t\t.formcraft-css .fc-form.fc-form-12 label:hover>input[type=\"checkbox\"],\n\t\t\t\t\t\t.formcraft-css .fc-form.fc-form-12 label:hover>input[type=\"radio\"]\n\t\t\t\t\t\t{\n\t\t\t\t\t\t\tborder-color: ;\n\t\t\t\t\t\t}\n\t\t\t\t\t\t.formcraft-css .fc-form.fc-form-12 .form-element .form-element-html input[type=\"password\"]:focus,\n\t\t\t\t\t\t.formcraft-css .fc-form.fc-form-12 .form-element .form-element-html input[type=\"email\"]:focus,\n\t\t\t\t\t\t.formcraft-css .fc-form.fc-form-12 .form-element .form-element-html input[type=\"tel\"]:focus,\n\t\t\t\t\t\t.formcraft-css .fc-form.fc-form-12 .form-element .form-element-html input[type=\"text\"]:focus,\n\t\t\t\t\t\t.formcraft-css .fc-form.fc-form-12 .form-element .form-element-html textarea:focus,\n\t\t\t\t\t\t.formcraft-css .fc-form.fc-form-12 .form-element .form-element-html select:focus\n\t\t\t\t\t\t{\n\t\t\t\t\t\t\tborder-color: #4488ee;\n\t\t\t\t\t\t}\n\t\t\t\t\t\t.formcraft-css .fc-form.fc-form-12\t\t\t\t\t\t{\n\t\t\t\t\t\t\tfont-family: Lato;\n\t\t\t\t\t\t}\n\t\t\t\t\t\t@media (max-width : 480px) {\n\t\t\t\t\t\t\thtml .dedicated-page,\n\t\t\t\t\t\t\thtml .dedicated-page .formcraft-css .fc-pagination > div.active\n\t\t\t\t\t\t\t{\n\t\t\t\t\t\t\t\tbackground: transparent;\n\t\t\t\t\t\t\t}\n\t\t\t\t\t\t}\n\t\t\t\t\t<\/style>\n\t\t\t\t\t<div class=\"form-cover\">\n\t\t\t\t\t\t<form data-thousand=\"\" data-decimal=\".\" data-delay=\"\" data-id=\"12\" class=\"fc-form fc-form-12 align- fc-temp-class spin- save-form- dont-submit-hidden- icons-hide- label-block frame-hidden remove-asterisk-true field-alignment-left options-fade  \" style=\"width: 100%; color: #666666; font-size: 105%; background: transparent\">\n\t\t\t\t\t\t\t<div class=\"form-page form-page-0\" data-index=\"0\">\n\t\t\t\t\t\t\t\t\n\t\t\t\t\t\t\t\t<div class=\"form-page-content ng-pristine   ng-isolate-scope \">\n\t\t\t\t\t\t\t\t\t<!-- ngRepeat: element in page track by element.identifier --><div data-identifier=\"field2\" data-index=\"0\" style=\"width: 50%\" class=\" form-element form-element-field2 form-element-0 default-false form-element-type-oneLineText is-required-true odd -handle options-false index-false\">\n\t\t\t\t\t\t\t\t\t\t<div class=\"form-element-html\"><div ><div class=\"oneLineText-cover field-cover \"><span class=\"sub-label-true\"><span class=\"main-label\"><span >Name Surname<\/span><\/span><span class=\"sub-label\"><\/span><\/span><div><span class=\"error\"><\/span><input type=\"text\" placeholder=\"\" data-field-id=\"field2\" name=\"field2[]\" data-min-char=\"\" data-max-char=\"\" data-val-type=\"\" data-regexp=\"\" data-is-required=\"true\" data-allow-spaces=\"true\" class=\"validation-lenient\" data-placement=\"right\" data-toggle=\"tooltip\" tooltip=\"\" data-trigger=\"focus\" data-html=\"true\" data-input-mask=\"\" data-mask-placeholder=\"\" data-original-title=\"\"><i class=\"no-icon\"><\/i><\/div><\/div><\/div><\/div>\n\t\t\t\t\t\t\t\t\t\t\n\t\t\t\t\t\t\t\t\t<\/div><!-- end ngRepeat: element in page track by element.identifier --><div data-identifier=\"field3\" data-index=\"1\" style=\"width: 50%\" class=\" even form-element form-element-field3 form-element-1 default-false form-element-type-oneLineText is-required-true -handle options-false index-false\">\n\t\t\t\t\t\t\t\t\t\t<div class=\"form-element-html\"><div ><div class=\"oneLineText-cover field-cover \"><span class=\"sub-label-true\"><span class=\"main-label\"><span >Phone<\/span><\/span><span class=\"sub-label\"><\/span><\/span><div><span class=\"error\"><\/span><input type=\"text\" placeholder=\"\" data-field-id=\"field3\" name=\"field3[]\" data-min-char=\"\" data-max-char=\"\" data-val-type=\"\" data-regexp=\"\" data-is-required=\"true\" data-allow-spaces=\"true\" class=\"validation-lenient\" data-placement=\"right\" data-toggle=\"tooltip\" tooltip=\"\" data-trigger=\"focus\" data-html=\"true\" data-input-mask=\"0 (000) 000 00 00\" data-mask-placeholder=\"\" data-original-title=\"\" autocomplete=\"off\"><i class=\"no-icon\"><\/i><\/div><\/div><\/div><\/div>\n\t\t\t\t\t\t\t\t\t\t\n\t\t\t\t\t\t\t\t\t<\/div><!-- end ngRepeat: element in page track by element.identifier --><div data-identifier=\"field4\" data-index=\"2\" style=\"width: 100%\" class=\" form-element form-element-field4 form-element-2 default-false form-element-type-textarea is-required-true odd -handle options-true index-true\">\n\t\t\t\t\t\t\t\t\t\t<div class=\"form-element-html\"><div ><div class=\"textarea-cover field-cover \"><span class=\"sub-label-false\"><span class=\"main-label\"><span >Note<\/span><\/span><span class=\"sub-label\"><\/span><\/span><div><span class=\"error\"><\/span><textarea data-field-id=\"field4\" placeholder=\"\" class=\"validation-lenient\" name=\"field4\" value=\"\" rows=\"3\" data-min-char=\"10\" data-max-char=\"100\" data-is-required=\"true\" data-placement=\"right\" data-toggle=\"tooltip\" tooltip=\"\" data-trigger=\"focus\" data-html=\"true\" data-original-title=\"\" style=\"min-height: 79px\"><\/textarea><div class=\"count-true\"><span class=\"current-count\">0<\/span> \/ <span class=\"max-count \">100<\/span><\/div><\/div><\/div><\/div><\/div>\n\t\t\t\t\t\t\t\t\t\t\n\t\t\t\t\t\t\t\t\t<\/div><!-- end ngRepeat: element in page track by element.identifier --><div data-identifier=\"field5\" data-index=\"3\" style=\"width: 100%\" class=\" even form-element form-element-field5 form-element-3 default-false form-element-type-submit is-required-false -handle options-true index-true\">\n\t\t\t\t\t\t\t\t\t\t<div class=\"form-element-html\"><div ><div class=\"animate-false align-right wide-false submit-cover field-cover\"><button type=\"submit\" class=\"button submit-button\"><span class=\"text \">Send<\/span><span class=\"spin-cover\"><i style=\"color:\" class=\"loading-icon icon-cog animate-spin\"><\/i><\/span><\/button><\/div><div class=\"submit-response \"><\/div><input type=\"text\" class=\"required_field \" name=\"website\"><\/div><\/div>\n\t\t\t\t\t\t\t\t\t\t\n\t\t\t\t\t\t\t\t\t<\/div><!-- end ngRepeat: element in page track by element.identifier -->\n\t\t\t\t\t\t\t\t<\/div>\n\t\t\t\t\t\t\t<\/div>\n\t\t\t\t\t\t<\/form>\n\t\t\t\t\t\t<div class=\"prev-next prev-next-1\" style=\"width: 100%; color: #666666; font-size: 105%; background: transparent\">\n\t\t\t\t\t\t\t<div><input type=\"text\" class=\"ng-pristine  \"><span class=\"inactive page-prev \"><i class=\"icon-angle-left\"><\/i>Previous<\/span><\/div>\n\t\t\t\t\t\t\t<div><input type=\"text\" class=\"ng-pristine  \"><span class=\"page-next \">Next<i class=\"icon-angle-right\"><\/i><\/span><\/div>\n\t\t\t\t\t\t<\/div>\n\t\t\t\t\t<\/div><\/div>\n<\/div><\/div><\/div><\/div><div class=\"fusion-clearfix\"><\/div><\/div><\/div><\/div><\/div>\n","protected":false},"excerpt":{"rendered":"","protected":false},"author":1,"featured_media":0,"parent":0,"menu_order":0,"comment_status":"closed","ping_status":"closed","template":"","meta":{"footnotes":""},"class_list":["post-54","page","type-page","status-publish","hentry"],"yoast_head":"<!-- This site is optimized with the Yoast SEO plugin v25.2 - https:\/\/yoast.com\/wordpress\/plugins\/seo\/ -->\n<title>Ge\u00e7itkale Branch<\/title>\n<meta name=\"robots\" content=\"index, follow, max-snippet:-1, max-image-preview:large, max-video-preview:-1\" \/>\n<link rel=\"canonical\" href=\"https:\/\/mezkoop.com\/en\/gecitkale\/\" \/>\n<meta property=\"og:locale\" content=\"en_US\" \/>\n<meta property=\"og:locale:alternate\" content=\"tr_TR\" \/>\n<meta property=\"og:type\" content=\"article\" \/>\n<meta property=\"og:title\" content=\"Ge\u00e7itkale Branch\" \/>\n<meta property=\"og:url\" content=\"https:\/\/mezkoop.com\/en\/gecitkale\/\" \/>\n<meta property=\"og:site_name\" content=\"Ma\u011fusa Esnaf ve Zanaatkarlar Kooperatifi Ltd. |Mez-Koop.Ltd.\" \/>\n<meta property=\"article:modified_time\" content=\"2025-11-25T13:16:48+00:00\" \/>\n<meta name=\"twitter:card\" content=\"summary_large_image\" \/>\n<meta name=\"twitter:label1\" content=\"Est. reading time\" \/>\n\t<meta name=\"twitter:data1\" content=\"1 minute\" \/>\n<script type=\"application\/ld+json\" class=\"yoast-schema-graph\">{\"@context\":\"https:\/\/schema.org\",\"@graph\":[{\"@type\":\"WebPage\",\"@id\":\"https:\/\/mezkoop.com\/gecitkale\/\",\"url\":\"https:\/\/mezkoop.com\/gecitkale\/\",\"name\":\"Ge\u00e7itkale Branch\",\"isPartOf\":{\"@id\":\"https:\/\/mezkoop.com\/en\/#website\"},\"datePublished\":\"2016-11-23T13:56:30+00:00\",\"dateModified\":\"2025-11-25T13:16:48+00:00\",\"breadcrumb\":{\"@id\":\"https:\/\/mezkoop.com\/gecitkale\/#breadcrumb\"},\"inLanguage\":\"en-US\",\"potentialAction\":[{\"@type\":\"ReadAction\",\"target\":[\"https:\/\/mezkoop.com\/gecitkale\/\"]}]},{\"@type\":\"BreadcrumbList\",\"@id\":\"https:\/\/mezkoop.com\/gecitkale\/#breadcrumb\",\"itemListElement\":[{\"@type\":\"ListItem\",\"position\":1,\"name\":\"Anasayfa\",\"item\":\"https:\/\/mezkoop.com\/\"},{\"@type\":\"ListItem\",\"position\":2,\"name\":\"Ge\u00e7itkale \u015eubesi\"}]},{\"@type\":\"WebSite\",\"@id\":\"https:\/\/mezkoop.com\/en\/#website\",\"url\":\"https:\/\/mezkoop.com\/en\/\",\"name\":\"Ma\u011fusa Esnaf ve Zanaatkarlar Kooperatifi Ltd. |Mez-Koop.Ltd.\",\"description\":\"\",\"potentialAction\":[{\"@type\":\"SearchAction\",\"target\":{\"@type\":\"EntryPoint\",\"urlTemplate\":\"https:\/\/mezkoop.com\/en\/?s={search_term_string}\"},\"query-input\":{\"@type\":\"PropertyValueSpecification\",\"valueRequired\":true,\"valueName\":\"search_term_string\"}}],\"inLanguage\":\"en-US\"}]}<\/script>\n<!-- \/ Yoast SEO plugin. -->","yoast_head_json":{"title":"Ge\u00e7itkale Branch","robots":{"index":"index","follow":"follow","max-snippet":"max-snippet:-1","max-image-preview":"max-image-preview:large","max-video-preview":"max-video-preview:-1"},"canonical":"https:\/\/mezkoop.com\/en\/gecitkale\/","og_locale":"en_US","og_type":"article","og_title":"[:en]Ge\u00e7itkale Branch[:tr]Ge\u00e7itkale \u015eubesi[:] - Ma\u011fusa Esnaf ve Zanaatkarlar Kooperatifi Ltd. |Mez-Koop.Ltd.","og_url":"https:\/\/mezkoop.com\/en\/gecitkale\/","og_site_name":"Ma\u011fusa Esnaf ve Zanaatkarlar Kooperatifi Ltd. |Mez-Koop.Ltd.","article_modified_time":"2025-11-25T13:16:48+00:00","twitter_card":"summary_large_image","twitter_misc":{"Est. reading time":"1 minute"},"schema":{"@context":"https:\/\/schema.org","@graph":[{"@type":"WebPage","@id":"https:\/\/mezkoop.com\/gecitkale\/","url":"https:\/\/mezkoop.com\/gecitkale\/","name":"Ge\u00e7itkale Branch","isPartOf":{"@id":"https:\/\/mezkoop.com\/en\/#website"},"datePublished":"2016-11-23T13:56:30+00:00","dateModified":"2025-11-25T13:16:48+00:00","breadcrumb":{"@id":"https:\/\/mezkoop.com\/gecitkale\/#breadcrumb"},"inLanguage":"en-US","potentialAction":[{"@type":"ReadAction","target":["https:\/\/mezkoop.com\/gecitkale\/"]}]},{"@type":"BreadcrumbList","@id":"https:\/\/mezkoop.com\/gecitkale\/#breadcrumb","itemListElement":[{"@type":"ListItem","position":1,"name":"Anasayfa","item":"https:\/\/mezkoop.com\/"},{"@type":"ListItem","position":2,"name":"Ge\u00e7itkale \u015eubesi"}]},{"@type":"WebSite","@id":"https:\/\/mezkoop.com\/en\/#website","url":"https:\/\/mezkoop.com\/en\/","name":"Ma\u011fusa Esnaf ve Zanaatkarlar Kooperatifi Ltd. |Mez-Koop.Ltd.","description":"","potentialAction":[{"@type":"SearchAction","target":{"@type":"EntryPoint","urlTemplate":"https:\/\/mezkoop.com\/en\/?s={search_term_string}"},"query-input":{"@type":"PropertyValueSpecification","valueRequired":true,"valueName":"search_term_string"}}],"inLanguage":"en-US"}]}},"_links":{"self":[{"href":"https:\/\/mezkoop.com\/en\/wp-json\/wp\/v2\/pages\/54","targetHints":{"allow":["GET"]}}],"collection":[{"href":"https:\/\/mezkoop.com\/en\/wp-json\/wp\/v2\/pages"}],"about":[{"href":"https:\/\/mezkoop.com\/en\/wp-json\/wp\/v2\/types\/page"}],"author":[{"embeddable":true,"href":"https:\/\/mezkoop.com\/en\/wp-json\/wp\/v2\/users\/1"}],"replies":[{"embeddable":true,"href":"https:\/\/mezkoop.com\/en\/wp-json\/wp\/v2\/comments?post=54"}],"version-history":[{"count":32,"href":"https:\/\/mezkoop.com\/en\/wp-json\/wp\/v2\/pages\/54\/revisions"}],"predecessor-version":[{"id":1056,"href":"https:\/\/mezkoop.com\/en\/wp-json\/wp\/v2\/pages\/54\/revisions\/1056"}],"wp:attachment":[{"href":"https:\/\/mezkoop.com\/en\/wp-json\/wp\/v2\/media?parent=54"}],"curies":[{"name":"wp","href":"https:\/\/api.w.org\/{rel}","templated":true}]}}