{"id":362,"date":"2017-08-15T15:29:01","date_gmt":"2017-08-15T12:29:01","guid":{"rendered":"http:\/\/www.mezkoop.com\/?page_id=362"},"modified":"2020-09-24T10:08:28","modified_gmt":"2020-09-24T07:08:28","slug":"calisma-saatlerimiz","status":"publish","type":"page","link":"https:\/\/mezkoop.com\/en\/calisma-saatlerimiz\/","title":{"rendered":"Working Hours"},"content":{"rendered":"<div class=\"fusion-fullwidth fullwidth-box fusion-builder-row-1 nonhundred-percent-fullwidth non-hundred-percent-height-scrolling\" style=\"--awb-border-radius-top-left:0px;--awb-border-radius-top-right:0px;--awb-border-radius-bottom-right:0px;--awb-border-radius-bottom-left:0px;--awb-flex-wrap:wrap;\" ><div class=\"fusion-builder-row fusion-row\"><div class=\"fusion-layout-column fusion_builder_column fusion-builder-column-0 fusion_builder_column_1_1 1_1 fusion-one-full fusion-column-first fusion-column-last\" style=\"--awb-bg-size:cover;--awb-margin-bottom:0px;\"><div class=\"fusion-column-wrapper fusion-flex-column-wrapper-legacy\"><div class=\"fusion-title title fusion-title-1 fusion-title-text fusion-title-size-two\"><h2 class=\"fusion-title-heading title-heading-left\" style=\"margin:0;\">WORKING HOURS<\/h2><span class=\"awb-title-spacer\"><\/span><div class=\"title-sep-container\"><div class=\"title-sep sep-single sep-dotted\" style=\"border-color:#e0dede;\"><\/div><\/div><\/div><div class=\"fusion-text fusion-text-1\"><p>Our working hours are as follows.<\/p>\n<\/div><div class=\"fusion-tabs fusion-tabs-1 clean nav-is-justified horizontal-tabs icon-position-left mobile-mode-accordion\" style=\"--awb-title-border-radius-top-left:0px;--awb-title-border-radius-top-right:0px;--awb-title-border-radius-bottom-right:0px;--awb-title-border-radius-bottom-left:0px;--awb-inactive-color:rgba(99,123,140,0.57);--awb-background-color:#2a6b8c;--awb-border-color:#ffffff;--awb-active-border-color:#16407d;\"><div class=\"nav\"><ul class=\"nav-tabs nav-justified\" role=\"tablist\"><li class=\"active\" role=\"presentation\"><a class=\"tab-link\" data-toggle=\"tab\" role=\"tab\" aria-controls=\"tab-3af08fd4371a19748f5\" aria-selected=\"true\" id=\"fusion-tab-workinghours\" href=\"#tab-3af08fd4371a19748f5\"><h4 class=\"fusion-tab-heading\"><i class=\"fontawesome-icon fa-clock far\" aria-hidden=\"true\" style=\"font-size:16px;\"><\/i>Working Hours<\/h4><\/a><\/li><\/ul><\/div><div class=\"tab-content\"><div class=\"nav fusion-mobile-tab-nav\"><ul class=\"nav-tabs nav-justified\" role=\"tablist\"><li class=\"active\" role=\"presentation\"><a class=\"tab-link\" data-toggle=\"tab\" role=\"tab\" aria-controls=\"tab-3af08fd4371a19748f5\" aria-selected=\"true\" id=\"mobile-fusion-tab-workinghours\" href=\"#tab-3af08fd4371a19748f5\"><h4 class=\"fusion-tab-heading\"><i class=\"fontawesome-icon fa-clock far\" aria-hidden=\"true\" style=\"font-size:16px;\"><\/i>Working Hours<\/h4><\/a><\/li><\/ul><\/div><div class=\"tab-pane fade fusion-clearfix in active\" role=\"tabpanel\" tabindex=\"0\" aria-labelledby=\"fusion-tab-workinghours\" id=\"tab-3af08fd4371a19748f5\">\n<div class=\"fusion-widget-area awb-widget-area-element fusion-widget-area-1 fusion-content-widget-area\" style=\"--awb-title-size:13px;--awb-title-color:#ffffff;\"><div id=\"text-9\" class=\"widget widget_text\" style=\"border-width: 0px;border-style: solid;border-color:transparent;\">\t\t\t<div class=\"textwidget\"><p><center><center><center><center><center><center><center><center><strong>Monday-Friday<br \/>\n<\/strong>B.E: 08:00 \u2013 12:30<\/center><\/center><\/center><\/center><center>A.E: 14:00 \u2013 16:00<\/center><\/center><\/center><\/center><\/center><center><\/center>&nbsp;<\/p>\n<\/div>\n\t\t<\/div><div class=\"fusion-additional-widget-content\"><\/div><\/div>\n<\/div><\/div><\/div><div class=\"fusion-clearfix\"><\/div><\/div><\/div><\/div><\/div>\n","protected":false},"excerpt":{"rendered":"","protected":false},"author":1,"featured_media":0,"parent":0,"menu_order":0,"comment_status":"closed","ping_status":"closed","template":"","meta":{"footnotes":""},"class_list":["post-362","page","type-page","status-publish","hentry"],"yoast_head":"<!-- This site is optimized with the Yoast SEO plugin v25.2 - https:\/\/yoast.com\/wordpress\/plugins\/seo\/ -->\n<title>Working Hours<\/title>\n<meta name=\"robots\" content=\"index, follow, max-snippet:-1, max-image-preview:large, max-video-preview:-1\" \/>\n<link rel=\"canonical\" href=\"https:\/\/mezkoop.com\/en\/calisma-saatlerimiz\/\" \/>\n<meta property=\"og:locale\" content=\"en_US\" \/>\n<meta property=\"og:locale:alternate\" content=\"tr_TR\" \/>\n<meta property=\"og:type\" content=\"article\" \/>\n<meta property=\"og:title\" content=\"Working Hours\" \/>\n<meta property=\"og:url\" content=\"https:\/\/mezkoop.com\/en\/calisma-saatlerimiz\/\" \/>\n<meta property=\"og:site_name\" content=\"Ma\u011fusa Esnaf ve Zanaatkarlar Kooperatifi Ltd. |Mez-Koop.Ltd.\" \/>\n<meta property=\"article:modified_time\" content=\"2020-09-24T07:08:28+00:00\" \/>\n<meta name=\"twitter:card\" content=\"summary_large_image\" \/>\n<meta name=\"twitter:label1\" content=\"Est. reading time\" \/>\n\t<meta name=\"twitter:data1\" content=\"3 minutes\" \/>\n<script type=\"application\/ld+json\" class=\"yoast-schema-graph\">{\"@context\":\"https:\/\/schema.org\",\"@graph\":[{\"@type\":\"WebPage\",\"@id\":\"https:\/\/mezkoop.com\/calisma-saatlerimiz\/\",\"url\":\"https:\/\/mezkoop.com\/calisma-saatlerimiz\/\",\"name\":\"Working Hours\",\"isPartOf\":{\"@id\":\"https:\/\/mezkoop.com\/en\/#website\"},\"datePublished\":\"2017-08-15T12:29:01+00:00\",\"dateModified\":\"2020-09-24T07:08:28+00:00\",\"breadcrumb\":{\"@id\":\"https:\/\/mezkoop.com\/calisma-saatlerimiz\/#breadcrumb\"},\"inLanguage\":\"en-US\",\"potentialAction\":[{\"@type\":\"ReadAction\",\"target\":[\"https:\/\/mezkoop.com\/calisma-saatlerimiz\/\"]}]},{\"@type\":\"BreadcrumbList\",\"@id\":\"https:\/\/mezkoop.com\/calisma-saatlerimiz\/#breadcrumb\",\"itemListElement\":[{\"@type\":\"ListItem\",\"position\":1,\"name\":\"Anasayfa\",\"item\":\"https:\/\/mezkoop.com\/\"},{\"@type\":\"ListItem\",\"position\":2,\"name\":\"\u00c7al\u0131\u015fma Saatlerimiz\"}]},{\"@type\":\"WebSite\",\"@id\":\"https:\/\/mezkoop.com\/en\/#website\",\"url\":\"https:\/\/mezkoop.com\/en\/\",\"name\":\"Ma\u011fusa Esnaf ve Zanaatkarlar Kooperatifi Ltd. |Mez-Koop.Ltd.\",\"description\":\"\",\"potentialAction\":[{\"@type\":\"SearchAction\",\"target\":{\"@type\":\"EntryPoint\",\"urlTemplate\":\"https:\/\/mezkoop.com\/en\/?s={search_term_string}\"},\"query-input\":{\"@type\":\"PropertyValueSpecification\",\"valueRequired\":true,\"valueName\":\"search_term_string\"}}],\"inLanguage\":\"en-US\"}]}<\/script>\n<!-- \/ Yoast SEO plugin. -->","yoast_head_json":{"title":"Working Hours","robots":{"index":"index","follow":"follow","max-snippet":"max-snippet:-1","max-image-preview":"max-image-preview:large","max-video-preview":"max-video-preview:-1"},"canonical":"https:\/\/mezkoop.com\/en\/calisma-saatlerimiz\/","og_locale":"en_US","og_type":"article","og_title":"[:en]Working Hours[:tr]\u00c7al\u0131\u015fma Saatlerimiz[:] - Ma\u011fusa Esnaf ve Zanaatkarlar Kooperatifi Ltd. |Mez-Koop.Ltd.","og_url":"https:\/\/mezkoop.com\/en\/calisma-saatlerimiz\/","og_site_name":"Ma\u011fusa Esnaf ve Zanaatkarlar Kooperatifi Ltd. |Mez-Koop.Ltd.","article_modified_time":"2020-09-24T07:08:28+00:00","twitter_card":"summary_large_image","twitter_misc":{"Est. reading time":"3 minutes"},"schema":{"@context":"https:\/\/schema.org","@graph":[{"@type":"WebPage","@id":"https:\/\/mezkoop.com\/calisma-saatlerimiz\/","url":"https:\/\/mezkoop.com\/calisma-saatlerimiz\/","name":"Working Hours","isPartOf":{"@id":"https:\/\/mezkoop.com\/en\/#website"},"datePublished":"2017-08-15T12:29:01+00:00","dateModified":"2020-09-24T07:08:28+00:00","breadcrumb":{"@id":"https:\/\/mezkoop.com\/calisma-saatlerimiz\/#breadcrumb"},"inLanguage":"en-US","potentialAction":[{"@type":"ReadAction","target":["https:\/\/mezkoop.com\/calisma-saatlerimiz\/"]}]},{"@type":"BreadcrumbList","@id":"https:\/\/mezkoop.com\/calisma-saatlerimiz\/#breadcrumb","itemListElement":[{"@type":"ListItem","position":1,"name":"Anasayfa","item":"https:\/\/mezkoop.com\/"},{"@type":"ListItem","position":2,"name":"\u00c7al\u0131\u015fma Saatlerimiz"}]},{"@type":"WebSite","@id":"https:\/\/mezkoop.com\/en\/#website","url":"https:\/\/mezkoop.com\/en\/","name":"Ma\u011fusa Esnaf ve Zanaatkarlar Kooperatifi Ltd. |Mez-Koop.Ltd.","description":"","potentialAction":[{"@type":"SearchAction","target":{"@type":"EntryPoint","urlTemplate":"https:\/\/mezkoop.com\/en\/?s={search_term_string}"},"query-input":{"@type":"PropertyValueSpecification","valueRequired":true,"valueName":"search_term_string"}}],"inLanguage":"en-US"}]}},"_links":{"self":[{"href":"https:\/\/mezkoop.com\/en\/wp-json\/wp\/v2\/pages\/362","targetHints":{"allow":["GET"]}}],"collection":[{"href":"https:\/\/mezkoop.com\/en\/wp-json\/wp\/v2\/pages"}],"about":[{"href":"https:\/\/mezkoop.com\/en\/wp-json\/wp\/v2\/types\/page"}],"author":[{"embeddable":true,"href":"https:\/\/mezkoop.com\/en\/wp-json\/wp\/v2\/users\/1"}],"replies":[{"embeddable":true,"href":"https:\/\/mezkoop.com\/en\/wp-json\/wp\/v2\/comments?post=362"}],"version-history":[{"count":7,"href":"https:\/\/mezkoop.com\/en\/wp-json\/wp\/v2\/pages\/362\/revisions"}],"predecessor-version":[{"id":719,"href":"https:\/\/mezkoop.com\/en\/wp-json\/wp\/v2\/pages\/362\/revisions\/719"}],"wp:attachment":[{"href":"https:\/\/mezkoop.com\/en\/wp-json\/wp\/v2\/media?parent=362"}],"curies":[{"name":"wp","href":"https:\/\/api.w.org\/{rel}","templated":true}]}}