{"id":35,"date":"2016-11-23T16:30:12","date_gmt":"2016-11-23T13:30:12","guid":{"rendered":"http:\/\/www.mezkoop.com\/?page_id=35"},"modified":"2020-09-24T11:11:03","modified_gmt":"2020-09-24T08:11:03","slug":"iletisim","status":"publish","type":"page","link":"https:\/\/mezkoop.com\/en\/iletisim\/","title":{"rendered":"Contact"},"content":{"rendered":"<div class=\"fusion-fullwidth fullwidth-box fusion-builder-row-1 hundred-percent-fullwidth non-hundred-percent-height-scrolling\" style=\"--awb-border-radius-top-left:0px;--awb-border-radius-top-right:0px;--awb-border-radius-bottom-right:0px;--awb-border-radius-bottom-left:0px;--awb-padding-top:0px;--awb-padding-right:0px;--awb-padding-bottom:0px;--awb-padding-left:0px;--awb-flex-wrap:wrap;\" ><div class=\"fusion-builder-row fusion-row\"><div class=\"fusion-layout-column fusion_builder_column fusion-builder-column-0 fusion_builder_column_1_1 1_1 fusion-one-full fusion-column-first fusion-column-last\" style=\"--awb-bg-size:cover;\"><div class=\"fusion-column-wrapper fusion-flex-column-wrapper-legacy\">\t\t\t\t\t<script type=\"text\/javascript\">\n\t\t\t\t\t\tvar map_fusion_map_69f50e8e990fb;\n\t\t\t\t\t\tvar markers = [];\n\t\t\t\t\t\tvar counter = 0;\n\t\t\t\t\t\t\t\t\t\t\t\t\t\t\t\t\t\t\t\tvar fusionMapNonce = '8ffaf13c81';\n\t\t\t\t\t\t\t\t\t\t\t\tfunction fusion_run_map_fusion_map_69f50e8e990fb() {\n\t\t\t\t\t\t\tjQuery('#fusion_map_69f50e8e990fb').fusion_maps({\n\t\t\t\t\t\t\t\taddresses: [{\"address\":\"35.1223661,33.939224\",\"infobox_content\":\"\",\"coordinates\":true,\"latitude\":\"35.1223661\",\"longitude\":\"33.939224\",\"cache\":true,\"geocoded_address\":\"35.1223661,33.939224\"}],\n\t\t\t\t\t\t\t\tanimations: true,\n\t\t\t\t\t\t\t\tinfobox_background_color: '',\n\t\t\t\t\t\t\t\tinfobox_styling: 'default',\n\t\t\t\t\t\t\t\tinfobox_text_color: '',\n\t\t\t\t\t\t\t\tmap_style: 'default',\n\t\t\t\t\t\t\t\tmap_type: 'roadmap',\n\t\t\t\t\t\t\t\tmarker_icon: '',\n\t\t\t\t\t\t\t\toverlay_color: '',\n\t\t\t\t\t\t\t\toverlay_color_hsl: {\"hue\":0,\"sat\":0,\"lum\":100},\n\t\t\t\t\t\t\t\tshow_address: true,\n\t\t\t\t\t\t\t\tscale_control: true,\n\t\t\t\t\t\t\t\tscrollwheel: true,\n\t\t\t\t\t\t\t\tzoom: 14,\n\t\t\t\t\t\t\t\tzoom_control: true,\n\t\t\t\t\t\t\t});\n\t\t\t\t\t\t}\n\n\t\t\t\t\t\tgoogle.maps.event.addDomListener(window, 'load', fusion_run_map_fusion_map_69f50e8e990fb);\n\t\t\t\t\t<\/script>\n\t\t\t\t\t<div class=\"shortcode-map fusion-google-map fusion-maps-js-type\" id=\"fusion_map_69f50e8e990fb\"><\/div><div class=\"fusion-text fusion-text-1\"><p style=\"text-align: center;\"><strong>Mez-Koop Ltd. &#8211; Center<\/strong><br \/>\nDt.Ramiz G\u00f6k\u00e7e Str. Walled City<br \/>\nFamagusta \/ TRNC<br \/>\nPhone: +90 (392) 366 29 95<br \/>\nFax: +90 (392) 366 78 01<br \/>\nE-Mail: info@mezkoop.com<\/p>\n<p style=\"text-align: center;\"><strong>Mez-Koop Ma\u011fusa D\u0131\u015f B\u00f6lge Branch<br \/>\n<\/strong>E\u015fref Bitlis Str. Mesan Business Center \u2013 Famagusta \/ TRNC<br \/>\nPhone: +90 (392) 365 29 95<br \/>\nFax: +90 (392) \u00a0365 65 30<br \/>\nE-Mail: info@mezkoop.com<\/p>\n<p style=\"text-align: center;\" data-fontsize=\"18\" data-lineheight=\"27\"><strong>Mez-Koop Ge\u00e7itkale Branch<br \/>\n<\/strong>Atat\u00fcrk Str. No:67 \u2013 Ge\u00e7itkale \/ TRNC<br \/>\nPhone: +90 (392) 373 39 00<br \/>\nFax: +90 (392) \u00a0373 39 99<br \/>\nE-Mail: gecitkale@mezkoop.com<\/p>\n<p style=\"text-align: center;\" data-fontsize=\"18\" data-lineheight=\"27\"><strong>Mez-Koop Akdo\u011fan Branch<br \/>\n<\/strong>\u0130stiklal Str. No:40\/A \u2013 Akdo\u011fan \/ TRNC<br \/>\nPhone: +90 (392) 377 87 78<br \/>\nFax: +90 (392) \u00a0377 87 79<br \/>\nE-Mail: akdogan@mezkoop.com<\/p>\n<p style=\"text-align: center;\" data-fontsize=\"18\" data-lineheight=\"27\"><strong>Mez-Koop Lefko\u015fa Branch<br \/>\n<\/strong>Muhtar Yusuf Business Center, Mustafa A. Ruso Str. No:2 Nicosia \/ TRNC<br \/>\nPhone: +90 (392) 228 04 45<br \/>\nFax: +90 (392) 228 51 28<br \/>\nE-Mail: lefkosa@mezkoop.com<\/p>\n<\/div><div class=\"fusion-clearfix\"><\/div><\/div><\/div><\/div><\/div>\n","protected":false},"excerpt":{"rendered":"","protected":false},"author":1,"featured_media":0,"parent":0,"menu_order":0,"comment_status":"closed","ping_status":"closed","template":"100-width.php","meta":{"footnotes":""},"class_list":["post-35","page","type-page","status-publish","hentry"],"yoast_head":"<!-- This site is optimized with the Yoast SEO plugin v25.2 - https:\/\/yoast.com\/wordpress\/plugins\/seo\/ -->\n<title>Contact<\/title>\n<meta name=\"robots\" content=\"index, follow, max-snippet:-1, max-image-preview:large, max-video-preview:-1\" \/>\n<link rel=\"canonical\" href=\"https:\/\/mezkoop.com\/en\/iletisim\/\" \/>\n<meta property=\"og:locale\" content=\"en_US\" \/>\n<meta property=\"og:locale:alternate\" content=\"tr_TR\" \/>\n<meta property=\"og:type\" content=\"article\" \/>\n<meta property=\"og:title\" content=\"Contact\" \/>\n<meta property=\"og:url\" content=\"https:\/\/mezkoop.com\/en\/iletisim\/\" \/>\n<meta property=\"og:site_name\" content=\"Ma\u011fusa Esnaf ve Zanaatkarlar Kooperatifi Ltd. |Mez-Koop.Ltd.\" \/>\n<meta property=\"article:modified_time\" content=\"2020-09-24T08:11:03+00:00\" \/>\n<meta name=\"twitter:card\" content=\"summary_large_image\" \/>\n<meta name=\"twitter:label1\" content=\"Est. reading time\" \/>\n\t<meta name=\"twitter:data1\" content=\"3 minutes\" \/>\n<script type=\"application\/ld+json\" class=\"yoast-schema-graph\">{\"@context\":\"https:\/\/schema.org\",\"@graph\":[{\"@type\":\"WebPage\",\"@id\":\"https:\/\/mezkoop.com\/iletisim\/\",\"url\":\"https:\/\/mezkoop.com\/iletisim\/\",\"name\":\"Contact\",\"isPartOf\":{\"@id\":\"https:\/\/mezkoop.com\/en\/#website\"},\"datePublished\":\"2016-11-23T13:30:12+00:00\",\"dateModified\":\"2020-09-24T08:11:03+00:00\",\"breadcrumb\":{\"@id\":\"https:\/\/mezkoop.com\/iletisim\/#breadcrumb\"},\"inLanguage\":\"en-US\",\"potentialAction\":[{\"@type\":\"ReadAction\",\"target\":[\"https:\/\/mezkoop.com\/iletisim\/\"]}]},{\"@type\":\"BreadcrumbList\",\"@id\":\"https:\/\/mezkoop.com\/iletisim\/#breadcrumb\",\"itemListElement\":[{\"@type\":\"ListItem\",\"position\":1,\"name\":\"Anasayfa\",\"item\":\"https:\/\/mezkoop.com\/\"},{\"@type\":\"ListItem\",\"position\":2,\"name\":\"\u0130leti\u015fim\"}]},{\"@type\":\"WebSite\",\"@id\":\"https:\/\/mezkoop.com\/en\/#website\",\"url\":\"https:\/\/mezkoop.com\/en\/\",\"name\":\"Ma\u011fusa Esnaf ve Zanaatkarlar Kooperatifi Ltd. |Mez-Koop.Ltd.\",\"description\":\"\",\"potentialAction\":[{\"@type\":\"SearchAction\",\"target\":{\"@type\":\"EntryPoint\",\"urlTemplate\":\"https:\/\/mezkoop.com\/en\/?s={search_term_string}\"},\"query-input\":{\"@type\":\"PropertyValueSpecification\",\"valueRequired\":true,\"valueName\":\"search_term_string\"}}],\"inLanguage\":\"en-US\"}]}<\/script>\n<!-- \/ Yoast SEO plugin. -->","yoast_head_json":{"title":"Contact","robots":{"index":"index","follow":"follow","max-snippet":"max-snippet:-1","max-image-preview":"max-image-preview:large","max-video-preview":"max-video-preview:-1"},"canonical":"https:\/\/mezkoop.com\/en\/iletisim\/","og_locale":"en_US","og_type":"article","og_title":"[:en]Contact[:tr]\u0130leti\u015fim[:] - Ma\u011fusa Esnaf ve Zanaatkarlar Kooperatifi Ltd. |Mez-Koop.Ltd.","og_url":"https:\/\/mezkoop.com\/en\/iletisim\/","og_site_name":"Ma\u011fusa Esnaf ve Zanaatkarlar Kooperatifi Ltd. |Mez-Koop.Ltd.","article_modified_time":"2020-09-24T08:11:03+00:00","twitter_card":"summary_large_image","twitter_misc":{"Est. reading time":"3 minutes"},"schema":{"@context":"https:\/\/schema.org","@graph":[{"@type":"WebPage","@id":"https:\/\/mezkoop.com\/iletisim\/","url":"https:\/\/mezkoop.com\/iletisim\/","name":"Contact","isPartOf":{"@id":"https:\/\/mezkoop.com\/en\/#website"},"datePublished":"2016-11-23T13:30:12+00:00","dateModified":"2020-09-24T08:11:03+00:00","breadcrumb":{"@id":"https:\/\/mezkoop.com\/iletisim\/#breadcrumb"},"inLanguage":"en-US","potentialAction":[{"@type":"ReadAction","target":["https:\/\/mezkoop.com\/iletisim\/"]}]},{"@type":"BreadcrumbList","@id":"https:\/\/mezkoop.com\/iletisim\/#breadcrumb","itemListElement":[{"@type":"ListItem","position":1,"name":"Anasayfa","item":"https:\/\/mezkoop.com\/"},{"@type":"ListItem","position":2,"name":"\u0130leti\u015fim"}]},{"@type":"WebSite","@id":"https:\/\/mezkoop.com\/en\/#website","url":"https:\/\/mezkoop.com\/en\/","name":"Ma\u011fusa Esnaf ve Zanaatkarlar Kooperatifi Ltd. |Mez-Koop.Ltd.","description":"","potentialAction":[{"@type":"SearchAction","target":{"@type":"EntryPoint","urlTemplate":"https:\/\/mezkoop.com\/en\/?s={search_term_string}"},"query-input":{"@type":"PropertyValueSpecification","valueRequired":true,"valueName":"search_term_string"}}],"inLanguage":"en-US"}]}},"_links":{"self":[{"href":"https:\/\/mezkoop.com\/en\/wp-json\/wp\/v2\/pages\/35","targetHints":{"allow":["GET"]}}],"collection":[{"href":"https:\/\/mezkoop.com\/en\/wp-json\/wp\/v2\/pages"}],"about":[{"href":"https:\/\/mezkoop.com\/en\/wp-json\/wp\/v2\/types\/page"}],"author":[{"embeddable":true,"href":"https:\/\/mezkoop.com\/en\/wp-json\/wp\/v2\/users\/1"}],"replies":[{"embeddable":true,"href":"https:\/\/mezkoop.com\/en\/wp-json\/wp\/v2\/comments?post=35"}],"version-history":[{"count":8,"href":"https:\/\/mezkoop.com\/en\/wp-json\/wp\/v2\/pages\/35\/revisions"}],"predecessor-version":[{"id":736,"href":"https:\/\/mezkoop.com\/en\/wp-json\/wp\/v2\/pages\/35\/revisions\/736"}],"wp:attachment":[{"href":"https:\/\/mezkoop.com\/en\/wp-json\/wp\/v2\/media?parent=35"}],"curies":[{"name":"wp","href":"https:\/\/api.w.org\/{rel}","templated":true}]}}