{"id":27,"date":"2016-11-23T16:27:26","date_gmt":"2016-11-23T13:27:26","guid":{"rendered":"http:\/\/www.mezkoop.com\/?page_id=27"},"modified":"2022-03-01T13:30:59","modified_gmt":"2022-03-01T10:30:59","slug":"doviz-faiz-oranlari","status":"publish","type":"page","link":"https:\/\/mezkoop.com\/en\/doviz-faiz-oranlari\/","title":{"rendered":"Currency Interest Rates"},"content":{"rendered":"<div class=\"fusion-fullwidth fullwidth-box fusion-builder-row-1 nonhundred-percent-fullwidth non-hundred-percent-height-scrolling\" style=\"--awb-border-radius-top-left:0px;--awb-border-radius-top-right:0px;--awb-border-radius-bottom-right:0px;--awb-border-radius-bottom-left:0px;--awb-flex-wrap:wrap;\" ><div class=\"fusion-builder-row fusion-row\"><div class=\"fusion-layout-column fusion_builder_column fusion-builder-column-0 fusion_builder_column_1_1 1_1 fusion-one-full fusion-column-first fusion-column-last\" style=\"--awb-bg-size:cover;\"><div class=\"fusion-column-wrapper fusion-flex-column-wrapper-legacy\"><div class=\"fusion-title title fusion-title-1 fusion-title-text fusion-title-size-two\"><h2 class=\"fusion-title-heading title-heading-left\" style=\"margin:0;\">CURRENCY INTEREST RATES<\/h2><span class=\"awb-title-spacer\"><\/span><div class=\"title-sep-container\"><div class=\"title-sep sep-single sep-dotted\" style=\"border-color:#e0dede;\"><\/div><\/div><\/div><div class=\"fusion-clearfix\"><\/div><\/div><\/div><div class=\"fusion-layout-column fusion_builder_column fusion-builder-column-1 fusion_builder_column_1_4 1_4 fusion-one-fourth fusion-column-first\" style=\"--awb-bg-size:cover;width:25%;width:calc(25% - ( ( 4% ) * 0.25 ) );margin-right: 4%;\"><div class=\"fusion-column-wrapper fusion-flex-column-wrapper-legacy\"><div class=\"fusion-image-element in-legacy-container\" style=\"--awb-caption-title-font-family:var(--h2_typography-font-family);--awb-caption-title-font-weight:var(--h2_typography-font-weight);--awb-caption-title-font-style:var(--h2_typography-font-style);--awb-caption-title-size:var(--h2_typography-font-size);--awb-caption-title-transform:var(--h2_typography-text-transform);--awb-caption-title-line-height:var(--h2_typography-line-height);--awb-caption-title-letter-spacing:var(--h2_typography-letter-spacing);\"><span class=\" fusion-imageframe imageframe-none imageframe-1 hover-type-none\"><img decoding=\"async\" width=\"223\" height=\"384\" title=\"ab\" src=\"https:\/\/mezkoop.com\/wp-content\/uploads\/2016\/11\/ab.png\" alt class=\"img-responsive wp-image-219\" srcset=\"https:\/\/mezkoop.com\/wp-content\/uploads\/2016\/11\/ab-200x344.png 200w, https:\/\/mezkoop.com\/wp-content\/uploads\/2016\/11\/ab.png 223w\" sizes=\"(max-width: 800px) 100vw, 223px\" \/><\/span><\/div><div class=\"fusion-clearfix\"><\/div><\/div><\/div><div class=\"fusion-layout-column fusion_builder_column fusion-builder-column-2 fusion_builder_column_3_4 3_4 fusion-three-fourth fusion-column-last\" style=\"--awb-bg-size:cover;--awb-margin-bottom:0px;width:75%;width:calc(75% - ( ( 4% ) * 0.75 ) );\"><div class=\"fusion-column-wrapper fusion-flex-column-wrapper-legacy\"><div class=\"fusion-text fusion-text-1\"><div class=\"table-1\">\n<table width=\"100%\">\n<tbody>\n<tr>\n<td colspan=\"4\" width=\"482\"><strong><u>BRITISH STERLING (STG)<\/u><\/strong><\/td>\n<\/tr>\n<tr>\n<td width=\"91\">Demand:<\/td>\n<td colspan=\"3\" width=\"391\"><strong>0.02 %<\/strong><\/td>\n<\/tr>\n<tr>\n<td width=\"91\"><\/td>\n<td width=\"117\"><\/td>\n<td width=\"170\"><\/td>\n<td width=\"104\"><\/td>\n<\/tr>\n<tr>\n<td width=\"91\"><u>Term:<\/u><\/td>\n<td width=\"117\"><u>Up to 25,000 STG.<\/u><\/td>\n<td width=\"170\"><u>From 25,001.STG. to 100,000 STG.<\/u><\/td>\n<td width=\"104\"><u>Above 100,000 STG.<\/u><\/td>\n<\/tr>\n<tr>\n<td width=\"91\"><\/td>\n<td width=\"117\"><\/td>\n<td width=\"170\"><\/td>\n<td width=\"104\"><\/td>\n<\/tr>\n<tr>\n<td width=\"91\">1 Month Term<\/td>\n<td width=\"117\"><strong>0.85 %<\/strong><\/td>\n<td width=\"170\"><strong>0.90 %<\/strong><\/td>\n<td width=\"104\"><strong>1.00 %<\/strong><\/td>\n<\/tr>\n<tr>\n<td width=\"91\"><\/td>\n<td width=\"117\"><\/td>\n<td width=\"170\"><\/td>\n<td width=\"104\"><\/td>\n<\/tr>\n<tr>\n<td width=\"91\">3 Month Term<\/td>\n<td width=\"117\"><strong>0.90 %<\/strong><\/td>\n<td width=\"170\"><strong>0.95 %<\/strong><\/td>\n<td width=\"104\"><strong>1.20 %<\/strong><\/td>\n<\/tr>\n<tr>\n<td width=\"91\"><\/td>\n<td width=\"117\"><\/td>\n<td width=\"170\"><\/td>\n<td width=\"104\"><\/td>\n<\/tr>\n<tr>\n<td width=\"91\">6 Month Term<\/td>\n<td width=\"117\"><strong>0.95 %<\/strong><\/td>\n<td width=\"170\"><strong>1.00 %<\/strong><\/td>\n<td width=\"104\"><strong>1.30 %<\/strong><\/td>\n<\/tr>\n<tr>\n<td width=\"91\"><\/td>\n<td width=\"117\"><\/td>\n<td width=\"170\"><\/td>\n<td width=\"104\"><\/td>\n<\/tr>\n<tr>\n<td width=\"91\">1 Year Term<\/td>\n<td width=\"117\"><strong>1.00 %<\/strong><\/td>\n<td width=\"170\"><strong>1.10 %<\/strong><\/td>\n<td width=\"104\"><strong>1.60 %<\/strong><\/td>\n<\/tr>\n<\/tbody>\n<\/table>\n<table width=\"100%\">\n<tbody>\n<tr>\n<td colspan=\"4\" width=\"482\"><strong><u>AMEICAN DOLLAR (USD)<\/u><\/strong><\/td>\n<\/tr>\n<tr>\n<td width=\"87\">Demand:<\/td>\n<td colspan=\"3\" width=\"395\"><strong>0.02 %<\/strong><\/td>\n<\/tr>\n<tr>\n<td width=\"87\"><\/td>\n<td width=\"121\"><\/td>\n<td width=\"170\"><\/td>\n<td width=\"104\"><\/td>\n<\/tr>\n<tr>\n<td width=\"87\"><u>Term:<\/u><\/td>\n<td width=\"121\"><u>Up to 25,000 USD.<\/u><\/td>\n<td width=\"170\"><u>From 25,001.USD. to 100,000.USD.<\/u><\/td>\n<td width=\"104\"><u>Above 100,000.USD.<\/u><\/td>\n<\/tr>\n<tr>\n<td width=\"87\"><\/td>\n<td width=\"121\"><\/td>\n<td width=\"170\"><\/td>\n<td width=\"104\"><\/td>\n<\/tr>\n<tr>\n<td width=\"87\">1 Month Term<\/td>\n<td width=\"121\"><strong>1.45 %<\/strong><\/td>\n<td width=\"170\"><strong>1.50 %<\/strong><\/td>\n<td width=\"104\"><strong>1.55 %<\/strong><\/td>\n<\/tr>\n<tr>\n<td width=\"87\"><\/td>\n<td width=\"121\"><\/td>\n<td width=\"170\"><\/td>\n<td width=\"104\"><\/td>\n<\/tr>\n<tr>\n<td width=\"87\">3 Month Term<\/td>\n<td width=\"121\"><strong>1.80 %<\/strong><\/td>\n<td width=\"170\"><strong>1.85 %<\/strong><\/td>\n<td width=\"104\"><strong>2.00 %<\/strong><\/td>\n<\/tr>\n<tr>\n<td width=\"87\"><\/td>\n<td width=\"121\"><\/td>\n<td width=\"170\"><\/td>\n<td width=\"104\"><\/td>\n<\/tr>\n<tr>\n<td width=\"87\">6 Month Term<\/td>\n<td width=\"121\"><strong>2.00 %<\/strong><\/td>\n<td width=\"170\"><strong>2.10 %<\/strong><\/td>\n<td width=\"104\"><strong>2.25 %<\/strong><\/td>\n<\/tr>\n<tr>\n<td width=\"87\"><\/td>\n<td width=\"121\"><\/td>\n<td width=\"170\"><\/td>\n<td width=\"104\"><\/td>\n<\/tr>\n<tr>\n<td width=\"87\">1 Year Term<\/td>\n<td width=\"121\"><strong>2.35 %<\/strong><\/td>\n<td width=\"170\"><strong>2.45 %<\/strong><\/td>\n<td width=\"104\"><strong>2.70 %<\/strong><\/td>\n<\/tr>\n<\/tbody>\n<\/table>\n<table width=\"100%\">\n<tbody>\n<tr>\n<td colspan=\"4\" width=\"482\"><strong><u>EUROPEAN UNION CURRENCY (EUR)<\/u><\/strong><\/td>\n<\/tr>\n<tr>\n<td width=\"95\">Demand:<\/td>\n<td colspan=\"3\" width=\"387\"><strong>0.02 %<\/strong><\/td>\n<\/tr>\n<tr>\n<td width=\"95\"><\/td>\n<td width=\"115\"><\/td>\n<td width=\"169\"><\/td>\n<td width=\"104\"><\/td>\n<\/tr>\n<tr>\n<td width=\"95\"><u>Term:<\/u><\/td>\n<td width=\"115\"><u>Up to 25,000.EUR.<\/u><\/td>\n<td width=\"169\"><u>From 25,001.EUR. to 100,000.EUR.<\/u><\/td>\n<td width=\"104\"><u>Above 100,000.EUR.\u00a0<\/u><\/td>\n<\/tr>\n<tr>\n<td width=\"95\"><\/td>\n<td width=\"115\"><\/td>\n<td width=\"169\"><\/td>\n<td width=\"104\"><\/td>\n<\/tr>\n<tr>\n<td width=\"95\">1 Month Term<\/td>\n<td width=\"115\"><strong>0.35 %<\/strong><\/td>\n<td width=\"169\"><strong>0.40 %<\/strong><\/td>\n<td width=\"104\"><strong>0.45 %<\/strong><\/td>\n<\/tr>\n<tr>\n<td width=\"95\"><\/td>\n<td width=\"115\"><\/td>\n<td width=\"169\"><\/td>\n<td width=\"104\"><\/td>\n<\/tr>\n<tr>\n<td width=\"95\">3 Month Term<\/td>\n<td width=\"115\"><strong>0.35 %<\/strong><\/td>\n<td width=\"169\"><strong>0.40 %<\/strong><\/td>\n<td width=\"104\"><strong>0.45 %<\/strong><\/td>\n<\/tr>\n<tr>\n<td width=\"95\"><\/td>\n<td width=\"115\"><\/td>\n<td width=\"169\"><\/td>\n<td width=\"104\"><\/td>\n<\/tr>\n<tr>\n<td width=\"95\">6 Month Term<\/td>\n<td width=\"115\"><strong>0.35 %<\/strong><\/td>\n<td width=\"169\"><strong>0.40 %<\/strong><\/td>\n<td width=\"104\"><strong>0.45 %<\/strong><\/td>\n<\/tr>\n<tr>\n<td width=\"95\"><\/td>\n<td width=\"115\"><\/td>\n<td width=\"169\"><\/td>\n<td width=\"104\"><\/td>\n<\/tr>\n<tr>\n<td width=\"95\">1 YearTerm<\/td>\n<td width=\"115\"><strong>0.35 %<\/strong><\/td>\n<td width=\"169\"><strong>0.40 %<\/strong><\/td>\n<td width=\"104\"><strong>0.45 %<\/strong><\/td>\n<\/tr>\n<\/tbody>\n<\/table>\n<p><strong><u>\u00a0<\/u><\/strong><\/p>\n<\/div>\n<\/div><div class=\"fusion-clearfix\"><\/div><\/div><\/div><\/div><\/div>\n","protected":false},"excerpt":{"rendered":"","protected":false},"author":1,"featured_media":0,"parent":0,"menu_order":0,"comment_status":"closed","ping_status":"closed","template":"","meta":{"footnotes":""},"class_list":["post-27","page","type-page","status-publish","hentry"],"yoast_head":"<!-- This site is optimized with the Yoast SEO plugin v25.2 - https:\/\/yoast.com\/wordpress\/plugins\/seo\/ -->\n<title>Currency Interest Rates<\/title>\n<meta name=\"robots\" content=\"index, follow, max-snippet:-1, max-image-preview:large, max-video-preview:-1\" \/>\n<link rel=\"canonical\" href=\"https:\/\/mezkoop.com\/en\/doviz-faiz-oranlari\/\" \/>\n<meta property=\"og:locale\" content=\"en_US\" \/>\n<meta property=\"og:locale:alternate\" content=\"tr_TR\" \/>\n<meta property=\"og:type\" content=\"article\" \/>\n<meta property=\"og:title\" content=\"Currency Interest Rates\" \/>\n<meta property=\"og:url\" content=\"https:\/\/mezkoop.com\/en\/doviz-faiz-oranlari\/\" \/>\n<meta property=\"og:site_name\" content=\"Ma\u011fusa Esnaf ve Zanaatkarlar Kooperatifi Ltd. |Mez-Koop.Ltd.\" \/>\n<meta property=\"article:modified_time\" content=\"2022-03-01T10:30:59+00:00\" \/>\n<meta name=\"twitter:card\" content=\"summary_large_image\" \/>\n<meta name=\"twitter:label1\" content=\"Est. reading time\" \/>\n\t<meta name=\"twitter:data1\" content=\"5 minutes\" \/>\n<script type=\"application\/ld+json\" class=\"yoast-schema-graph\">{\"@context\":\"https:\/\/schema.org\",\"@graph\":[{\"@type\":\"WebPage\",\"@id\":\"https:\/\/mezkoop.com\/doviz-faiz-oranlari\/\",\"url\":\"https:\/\/mezkoop.com\/doviz-faiz-oranlari\/\",\"name\":\"Currency Interest Rates\",\"isPartOf\":{\"@id\":\"https:\/\/mezkoop.com\/en\/#website\"},\"datePublished\":\"2016-11-23T13:27:26+00:00\",\"dateModified\":\"2022-03-01T10:30:59+00:00\",\"breadcrumb\":{\"@id\":\"https:\/\/mezkoop.com\/doviz-faiz-oranlari\/#breadcrumb\"},\"inLanguage\":\"en-US\",\"potentialAction\":[{\"@type\":\"ReadAction\",\"target\":[\"https:\/\/mezkoop.com\/doviz-faiz-oranlari\/\"]}]},{\"@type\":\"BreadcrumbList\",\"@id\":\"https:\/\/mezkoop.com\/doviz-faiz-oranlari\/#breadcrumb\",\"itemListElement\":[{\"@type\":\"ListItem\",\"position\":1,\"name\":\"Anasayfa\",\"item\":\"https:\/\/mezkoop.com\/\"},{\"@type\":\"ListItem\",\"position\":2,\"name\":\"D\u00f6viz Faiz Oranlar\u0131\"}]},{\"@type\":\"WebSite\",\"@id\":\"https:\/\/mezkoop.com\/en\/#website\",\"url\":\"https:\/\/mezkoop.com\/en\/\",\"name\":\"Ma\u011fusa Esnaf ve Zanaatkarlar Kooperatifi Ltd. |Mez-Koop.Ltd.\",\"description\":\"\",\"potentialAction\":[{\"@type\":\"SearchAction\",\"target\":{\"@type\":\"EntryPoint\",\"urlTemplate\":\"https:\/\/mezkoop.com\/en\/?s={search_term_string}\"},\"query-input\":{\"@type\":\"PropertyValueSpecification\",\"valueRequired\":true,\"valueName\":\"search_term_string\"}}],\"inLanguage\":\"en-US\"}]}<\/script>\n<!-- \/ Yoast SEO plugin. -->","yoast_head_json":{"title":"Currency Interest Rates","robots":{"index":"index","follow":"follow","max-snippet":"max-snippet:-1","max-image-preview":"max-image-preview:large","max-video-preview":"max-video-preview:-1"},"canonical":"https:\/\/mezkoop.com\/en\/doviz-faiz-oranlari\/","og_locale":"en_US","og_type":"article","og_title":"[:en]Currency Interest Rates[:tr]D\u00f6viz Faiz Oranlar\u0131[:] - Ma\u011fusa Esnaf ve Zanaatkarlar Kooperatifi Ltd. |Mez-Koop.Ltd.","og_url":"https:\/\/mezkoop.com\/en\/doviz-faiz-oranlari\/","og_site_name":"Ma\u011fusa Esnaf ve Zanaatkarlar Kooperatifi Ltd. |Mez-Koop.Ltd.","article_modified_time":"2022-03-01T10:30:59+00:00","twitter_card":"summary_large_image","twitter_misc":{"Est. reading time":"5 minutes"},"schema":{"@context":"https:\/\/schema.org","@graph":[{"@type":"WebPage","@id":"https:\/\/mezkoop.com\/doviz-faiz-oranlari\/","url":"https:\/\/mezkoop.com\/doviz-faiz-oranlari\/","name":"Currency Interest Rates","isPartOf":{"@id":"https:\/\/mezkoop.com\/en\/#website"},"datePublished":"2016-11-23T13:27:26+00:00","dateModified":"2022-03-01T10:30:59+00:00","breadcrumb":{"@id":"https:\/\/mezkoop.com\/doviz-faiz-oranlari\/#breadcrumb"},"inLanguage":"en-US","potentialAction":[{"@type":"ReadAction","target":["https:\/\/mezkoop.com\/doviz-faiz-oranlari\/"]}]},{"@type":"BreadcrumbList","@id":"https:\/\/mezkoop.com\/doviz-faiz-oranlari\/#breadcrumb","itemListElement":[{"@type":"ListItem","position":1,"name":"Anasayfa","item":"https:\/\/mezkoop.com\/"},{"@type":"ListItem","position":2,"name":"D\u00f6viz Faiz Oranlar\u0131"}]},{"@type":"WebSite","@id":"https:\/\/mezkoop.com\/en\/#website","url":"https:\/\/mezkoop.com\/en\/","name":"Ma\u011fusa Esnaf ve Zanaatkarlar Kooperatifi Ltd. |Mez-Koop.Ltd.","description":"","potentialAction":[{"@type":"SearchAction","target":{"@type":"EntryPoint","urlTemplate":"https:\/\/mezkoop.com\/en\/?s={search_term_string}"},"query-input":{"@type":"PropertyValueSpecification","valueRequired":true,"valueName":"search_term_string"}}],"inLanguage":"en-US"}]}},"_links":{"self":[{"href":"https:\/\/mezkoop.com\/en\/wp-json\/wp\/v2\/pages\/27","targetHints":{"allow":["GET"]}}],"collection":[{"href":"https:\/\/mezkoop.com\/en\/wp-json\/wp\/v2\/pages"}],"about":[{"href":"https:\/\/mezkoop.com\/en\/wp-json\/wp\/v2\/types\/page"}],"author":[{"embeddable":true,"href":"https:\/\/mezkoop.com\/en\/wp-json\/wp\/v2\/users\/1"}],"replies":[{"embeddable":true,"href":"https:\/\/mezkoop.com\/en\/wp-json\/wp\/v2\/comments?post=27"}],"version-history":[{"count":32,"href":"https:\/\/mezkoop.com\/en\/wp-json\/wp\/v2\/pages\/27\/revisions"}],"predecessor-version":[{"id":807,"href":"https:\/\/mezkoop.com\/en\/wp-json\/wp\/v2\/pages\/27\/revisions\/807"}],"wp:attachment":[{"href":"https:\/\/mezkoop.com\/en\/wp-json\/wp\/v2\/media?parent=27"}],"curies":[{"name":"wp","href":"https:\/\/api.w.org\/{rel}","templated":true}]}}